{"id":6001,"date":"2025-05-11T16:42:22","date_gmt":"2025-05-11T16:42:22","guid":{"rendered":"https:\/\/sk8bright.andreiapeixoto.eu\/?post_type=product&#038;p=6001"},"modified":"2025-05-11T16:51:04","modified_gmt":"2025-05-11T16:51:04","slug":"parafusos-pig","status":"publish","type":"product","link":"https:\/\/sk8bright.andreiapeixoto.eu\/pt_pt\/produto\/parafusos-pig\/","title":{"rendered":"Parafusos Pig"},"content":{"rendered":"<p><span style=\"font-family: century gothic;\"><strong>Um conjunto de Pig Hardware para a tua pr\u00f3xima constru\u00e7\u00e3o de skate ou apenas para enfeitar a apar\u00eancia da tua configura\u00e7\u00e3o<\/strong><\/span><\/p>\n<p><span style=\"font-family: century gothic;\">Com este pr\u00e1tico pacote cheio de parafusos e porcas, pode obter um conjunto de parafusos Pig para obter uma nova liga\u00e7\u00e3o entre a t\u00e1bua e os trucks.<\/span><\/p>\n<p>&nbsp;<\/p>\n<ul>\n<li>Inclui 8 parafusos e 8 porcas de seguran\u00e7a<\/li>\n<\/ul>\n<p>&nbsp;<\/p>\n<p>&nbsp;<\/p>\n<p>&nbsp;<\/p>\n<p>&nbsp;<\/p>\n","protected":false},"excerpt":{"rendered":"<p>Um conjunto de Pig Hardware para a tua pr\u00f3xima constru\u00e7\u00e3o de skate ou apenas para enfeitar a apar\u00eancia da tua configura\u00e7\u00e3o Com este pr\u00e1tico pacote cheio de parafusos e porcas, pode obter um conjunto de parafusos Pig para obter uma nova liga\u00e7\u00e3o entre a t\u00e1bua e os trucks. &nbsp; Inclui 8 parafusos e 8 porcas [&hellip;]<\/p>\n","protected":false},"featured_media":6016,"comment_status":"open","ping_status":"closed","template":"","meta":[],"product_brand":[83],"product_cat":[82],"product_tag":[],"class_list":{"0":"post-6001","1":"product","2":"type-product","3":"status-publish","4":"has-post-thumbnail","6":"product_brand-phillips","7":"product_cat-parafusos-street","9":"first","10":"instock","11":"taxable","12":"shipping-taxable","13":"purchasable","14":"product-type-variable","15":"has-default-attributes"},"_links":{"self":[{"href":"https:\/\/sk8bright.andreiapeixoto.eu\/pt_pt\/wp-json\/wp\/v2\/product\/6001","targetHints":{"allow":["GET"]}}],"collection":[{"href":"https:\/\/sk8bright.andreiapeixoto.eu\/pt_pt\/wp-json\/wp\/v2\/product"}],"about":[{"href":"https:\/\/sk8bright.andreiapeixoto.eu\/pt_pt\/wp-json\/wp\/v2\/types\/product"}],"replies":[{"embeddable":true,"href":"https:\/\/sk8bright.andreiapeixoto.eu\/pt_pt\/wp-json\/wp\/v2\/comments?post=6001"}],"wp:featuredmedia":[{"embeddable":true,"href":"https:\/\/sk8bright.andreiapeixoto.eu\/pt_pt\/wp-json\/wp\/v2\/media\/6016"}],"wp:attachment":[{"href":"https:\/\/sk8bright.andreiapeixoto.eu\/pt_pt\/wp-json\/wp\/v2\/media?parent=6001"}],"wp:term":[{"taxonomy":"product_brand","embeddable":true,"href":"https:\/\/sk8bright.andreiapeixoto.eu\/pt_pt\/wp-json\/wp\/v2\/product_brand?post=6001"},{"taxonomy":"product_cat","embeddable":true,"href":"https:\/\/sk8bright.andreiapeixoto.eu\/pt_pt\/wp-json\/wp\/v2\/product_cat?post=6001"},{"taxonomy":"product_tag","embeddable":true,"href":"https:\/\/sk8bright.andreiapeixoto.eu\/pt_pt\/wp-json\/wp\/v2\/product_tag?post=6001"}],"curies":[{"name":"wp","href":"https:\/\/api.w.org\/{rel}","templated":true}]}}