{"id":4142,"date":"2025-03-24T14:44:56","date_gmt":"2025-03-24T14:44:56","guid":{"rendered":"https:\/\/sk8bright.andreiapeixoto.eu\/?post_type=product&#038;p=4142"},"modified":"2025-05-21T13:00:33","modified_gmt":"2025-05-21T13:00:33","slug":"tabua-street-sk8-bright-versao-preto","status":"publish","type":"product","link":"https:\/\/sk8bright.andreiapeixoto.eu\/pt_pt\/produto\/tabua-street-sk8-bright-versao-preto\/","title":{"rendered":"T\u00e1bua street &#8220;SK8 Bright&#8221; vers\u00e3o preto"},"content":{"rendered":"<p><span style=\"color: #fff; font-family: century gothic;\">Composto por 7 camadas de madeira 100% canadiana, conhecida pela sua durabilidade e resist\u00eancia. Estas camadas de maple s\u0103o coladas com resina de epoxy para uma constru\u00e7\u0103o robusta e duradoura.<\/span><\/p>\n","protected":false},"excerpt":{"rendered":"<p>Composto por 7 camadas de madeira 100% canadiana, conhecida pela sua durabilidade e resist\u00eancia. Estas camadas de maple s\u0103o coladas com resina de epoxy para uma constru\u00e7\u0103o robusta e duradoura.<\/p>\n","protected":false},"featured_media":4149,"comment_status":"open","ping_status":"closed","template":"","meta":[],"product_brand":[101],"product_cat":[51],"product_tag":[],"class_list":{"0":"post-4142","1":"product","2":"type-product","3":"status-publish","4":"has-post-thumbnail","6":"product_brand-sk8-bright","7":"product_cat-tabua-street","9":"first","10":"instock","11":"taxable","12":"shipping-taxable","13":"purchasable","14":"product-type-variable"},"_links":{"self":[{"href":"https:\/\/sk8bright.andreiapeixoto.eu\/pt_pt\/wp-json\/wp\/v2\/product\/4142","targetHints":{"allow":["GET"]}}],"collection":[{"href":"https:\/\/sk8bright.andreiapeixoto.eu\/pt_pt\/wp-json\/wp\/v2\/product"}],"about":[{"href":"https:\/\/sk8bright.andreiapeixoto.eu\/pt_pt\/wp-json\/wp\/v2\/types\/product"}],"replies":[{"embeddable":true,"href":"https:\/\/sk8bright.andreiapeixoto.eu\/pt_pt\/wp-json\/wp\/v2\/comments?post=4142"}],"wp:featuredmedia":[{"embeddable":true,"href":"https:\/\/sk8bright.andreiapeixoto.eu\/pt_pt\/wp-json\/wp\/v2\/media\/4149"}],"wp:attachment":[{"href":"https:\/\/sk8bright.andreiapeixoto.eu\/pt_pt\/wp-json\/wp\/v2\/media?parent=4142"}],"wp:term":[{"taxonomy":"product_brand","embeddable":true,"href":"https:\/\/sk8bright.andreiapeixoto.eu\/pt_pt\/wp-json\/wp\/v2\/product_brand?post=4142"},{"taxonomy":"product_cat","embeddable":true,"href":"https:\/\/sk8bright.andreiapeixoto.eu\/pt_pt\/wp-json\/wp\/v2\/product_cat?post=4142"},{"taxonomy":"product_tag","embeddable":true,"href":"https:\/\/sk8bright.andreiapeixoto.eu\/pt_pt\/wp-json\/wp\/v2\/product_tag?post=4142"}],"curies":[{"name":"wp","href":"https:\/\/api.w.org\/{rel}","templated":true}]}}