{"id":3464,"date":"2025-02-15T17:24:20","date_gmt":"2025-02-15T17:24:20","guid":{"rendered":"https:\/\/sk8bright.andreiapeixoto.eu\/?post_type=product&#038;p=3464"},"modified":"2025-02-15T17:24:20","modified_gmt":"2025-02-15T17:24:20","slug":"truck-kingpin-kit","status":"publish","type":"product","link":"https:\/\/sk8bright.andreiapeixoto.eu\/pt_pt\/produto\/truck-kingpin-kit\/","title":{"rendered":"Truck Kingpin Kit"},"content":{"rendered":"<p><span style=\"font-family: century gothic;\"><strong>Kit de substitui\u00e7\u00e3o de kingpin da Sushi<\/strong><\/span><\/p>\n<p><span style=\"font-family: century gothic;\">O Truck Kingpin Kit da Sushi foi concebido para funcionar com a maioria dos cami\u00f5es de skate modernos e inclui 2 parafusos de 50 mm e 2 porcas de fixa\u00e7\u00e3o.<\/span><\/p>\n","protected":false},"excerpt":{"rendered":"<p>Kit de substitui\u00e7\u00e3o de kingpin da Sushi O Truck Kingpin Kit da Sushi foi concebido para funcionar com a maioria dos cami\u00f5es de skate modernos e inclui 2 parafusos de 50 mm e 2 porcas de fixa\u00e7\u00e3o.<\/p>\n","protected":false},"featured_media":3465,"comment_status":"open","ping_status":"closed","template":"","meta":[],"product_brand":[],"product_cat":[94],"product_tag":[],"class_list":{"0":"post-3464","1":"product","2":"type-product","3":"status-publish","4":"has-post-thumbnail","6":"product_cat-kingpin","8":"first","9":"instock","10":"taxable","11":"shipping-taxable","12":"purchasable","13":"product-type-simple"},"_links":{"self":[{"href":"https:\/\/sk8bright.andreiapeixoto.eu\/pt_pt\/wp-json\/wp\/v2\/product\/3464","targetHints":{"allow":["GET"]}}],"collection":[{"href":"https:\/\/sk8bright.andreiapeixoto.eu\/pt_pt\/wp-json\/wp\/v2\/product"}],"about":[{"href":"https:\/\/sk8bright.andreiapeixoto.eu\/pt_pt\/wp-json\/wp\/v2\/types\/product"}],"replies":[{"embeddable":true,"href":"https:\/\/sk8bright.andreiapeixoto.eu\/pt_pt\/wp-json\/wp\/v2\/comments?post=3464"}],"wp:featuredmedia":[{"embeddable":true,"href":"https:\/\/sk8bright.andreiapeixoto.eu\/pt_pt\/wp-json\/wp\/v2\/media\/3465"}],"wp:attachment":[{"href":"https:\/\/sk8bright.andreiapeixoto.eu\/pt_pt\/wp-json\/wp\/v2\/media?parent=3464"}],"wp:term":[{"taxonomy":"product_brand","embeddable":true,"href":"https:\/\/sk8bright.andreiapeixoto.eu\/pt_pt\/wp-json\/wp\/v2\/product_brand?post=3464"},{"taxonomy":"product_cat","embeddable":true,"href":"https:\/\/sk8bright.andreiapeixoto.eu\/pt_pt\/wp-json\/wp\/v2\/product_cat?post=3464"},{"taxonomy":"product_tag","embeddable":true,"href":"https:\/\/sk8bright.andreiapeixoto.eu\/pt_pt\/wp-json\/wp\/v2\/product_tag?post=3464"}],"curies":[{"name":"wp","href":"https:\/\/api.w.org\/{rel}","templated":true}]}}