{"id":3389,"date":"2025-02-14T11:55:20","date_gmt":"2025-02-14T11:55:20","guid":{"rendered":"https:\/\/sk8bright.andreiapeixoto.eu\/?post_type=product&#038;p=3389"},"modified":"2025-04-10T12:52:34","modified_gmt":"2025-04-10T12:52:34","slug":"parafusos-phillips","status":"publish","type":"product","link":"https:\/\/sk8bright.andreiapeixoto.eu\/pt_pt\/produto\/parafusos-phillips\/","title":{"rendered":"Parafusos Phillips"},"content":{"rendered":"<p><span style=\"font-family: century gothic;\">O hardware de pe\u00e7as genu\u00ednas \u00e9 especificado de acordo com os padr\u00f5es mais elevados. Cada conjunto inclui porcas de bloqueio de nylon de tamanho normal, cabe\u00e7as de parafuso de tamanho normal para chaves de fendas Phillips e veios n\u00e3o roscados alargados para danos m\u00ednimos na placa.<\/span><\/p>\n","protected":false},"excerpt":{"rendered":"<p>O hardware de pe\u00e7as genu\u00ednas \u00e9 especificado de acordo com os padr\u00f5es mais elevados. Cada conjunto inclui porcas de bloqueio de nylon de tamanho normal, cabe\u00e7as de parafuso de tamanho normal para chaves de fendas Phillips e veios n\u00e3o roscados alargados para danos m\u00ednimos na placa.<\/p>\n","protected":false},"featured_media":3420,"comment_status":"open","ping_status":"closed","template":"","meta":[],"product_brand":[83],"product_cat":[82],"product_tag":[],"class_list":{"0":"post-3389","1":"product","2":"type-product","3":"status-publish","4":"has-post-thumbnail","6":"product_brand-phillips","7":"product_cat-parafusos-street","9":"first","10":"instock","11":"taxable","12":"shipping-taxable","13":"purchasable","14":"product-type-variable","15":"has-default-attributes"},"_links":{"self":[{"href":"https:\/\/sk8bright.andreiapeixoto.eu\/pt_pt\/wp-json\/wp\/v2\/product\/3389","targetHints":{"allow":["GET"]}}],"collection":[{"href":"https:\/\/sk8bright.andreiapeixoto.eu\/pt_pt\/wp-json\/wp\/v2\/product"}],"about":[{"href":"https:\/\/sk8bright.andreiapeixoto.eu\/pt_pt\/wp-json\/wp\/v2\/types\/product"}],"replies":[{"embeddable":true,"href":"https:\/\/sk8bright.andreiapeixoto.eu\/pt_pt\/wp-json\/wp\/v2\/comments?post=3389"}],"wp:featuredmedia":[{"embeddable":true,"href":"https:\/\/sk8bright.andreiapeixoto.eu\/pt_pt\/wp-json\/wp\/v2\/media\/3420"}],"wp:attachment":[{"href":"https:\/\/sk8bright.andreiapeixoto.eu\/pt_pt\/wp-json\/wp\/v2\/media?parent=3389"}],"wp:term":[{"taxonomy":"product_brand","embeddable":true,"href":"https:\/\/sk8bright.andreiapeixoto.eu\/pt_pt\/wp-json\/wp\/v2\/product_brand?post=3389"},{"taxonomy":"product_cat","embeddable":true,"href":"https:\/\/sk8bright.andreiapeixoto.eu\/pt_pt\/wp-json\/wp\/v2\/product_cat?post=3389"},{"taxonomy":"product_tag","embeddable":true,"href":"https:\/\/sk8bright.andreiapeixoto.eu\/pt_pt\/wp-json\/wp\/v2\/product_tag?post=3389"}],"curies":[{"name":"wp","href":"https:\/\/api.w.org\/{rel}","templated":true}]}}