{"id":2824,"date":"2025-01-30T16:36:10","date_gmt":"2025-01-30T16:36:10","guid":{"rendered":"https:\/\/sk8bright.andreiapeixoto.eu\/?post_type=product&#038;p=2824"},"modified":"2025-02-13T10:44:38","modified_gmt":"2025-02-13T10:44:38","slug":"rolamentos-bronson-speed-co-g3","status":"publish","type":"product","link":"https:\/\/sk8bright.andreiapeixoto.eu\/pt_pt\/produto\/rolamentos-bronson-speed-co-g3\/","title":{"rendered":"Rolamentos Bronson Speed Co: G3"},"content":{"rendered":"<p><span style=\"font-family: century gothic;\">Rolamentos da marca Bronson Speed Co<\/span><\/p>\n<p><span style=\"font-family: century gothic;\">Contem oito rolamentos, quatro separadores e oito arruelas.<\/span><\/p>\n<p><span style=\"font-family: century gothic;\"><strong>&#8211; Guias de rolagem fundas &#8211;<\/strong>\u00a0as bolas giram em guias fundas, reduzindo os danos e aumentando a durabilidade.<\/span><\/p>\n<p><span style=\"font-family: century gothic;\"><strong>&#8211; Escudos anti-sujidade sem atrito Straight Edge &#8211;<\/strong>\u00a0resistentes a pop off &#8211; mant\u00eam o \u00f3leo dentro e a humidade e a sujidade fora &#8211; f\u00e1cil de limpar.<\/span><\/p>\n<p><span style=\"font-family: century gothic;\"><strong>&#8211; Micro sulcos na guia de rolagem &#8211;<\/strong>\u00a0os micro-sulcos nas guias de rolagem conseguem que as bolas girem mais r\u00e1pido e melhor lubrificadas.<\/span><\/p>\n<p><span style=\"font-family: century gothic;\"><strong>&#8211; Design de impacto m\u00e1ximo- <\/strong>esta nova configura\u00e7\u00e3o do rolamento evita a deforma\u00e7\u00e3o e mant\u00eam as bolas no seu lugar e bem lubrificadas.<\/span><\/p>\n<p><span style=\"font-family: century gothic;\"><strong>&#8211; Tecnologia &#8220;bolas fora&#8221;-<\/strong>\u00a0esta tecnologia elimina o contacto entre o escudo e a caixa nas pancadas, para uns rolamentos mais r\u00e1pidos por mais tempo.<\/span><\/p>\n<p><span style=\"font-family: century gothic;\"><strong>&#8211; \u00d3leo cer\u00e2mico de alta velocidade-\u00a0<\/strong>com componentes nano-cer\u00e2micos para melhor protec\u00e7\u00e3o contra sujidade, poeira e corros\u00e3o.<\/span><\/p>\n<p><span style=\"font-family: century gothic;\"><strong>&#8211; Fabrica\u00e7\u00e3o selada e fresca-\u00a0<\/strong>a bolsa vai cheia de nitrog\u00e9nio, para reduzir o oxida\u00e7\u00e3o do metal e o \u00f3leo at\u00e9 que os montes.<\/span><\/p>\n","protected":false},"excerpt":{"rendered":"<p>Rolamentos da marca Bronson Speed Co Contem oito rolamentos, quatro separadores e oito arruelas. &#8211; Guias de rolagem fundas &#8211;\u00a0as bolas giram em guias fundas, reduzindo os danos e aumentando a durabilidade. &#8211; Escudos anti-sujidade sem atrito Straight Edge &#8211;\u00a0resistentes a pop off &#8211; mant\u00eam o \u00f3leo dentro e a humidade e a sujidade fora [&hellip;]<\/p>\n","protected":false},"featured_media":2827,"comment_status":"open","ping_status":"closed","template":"","meta":[],"product_brand":[],"product_cat":[66],"product_tag":[],"class_list":{"0":"post-2824","1":"product","2":"type-product","3":"status-publish","4":"has-post-thumbnail","6":"product_cat-rolamentos","8":"first","9":"instock","10":"taxable","11":"shipping-taxable","12":"purchasable","13":"product-type-simple"},"_links":{"self":[{"href":"https:\/\/sk8bright.andreiapeixoto.eu\/pt_pt\/wp-json\/wp\/v2\/product\/2824","targetHints":{"allow":["GET"]}}],"collection":[{"href":"https:\/\/sk8bright.andreiapeixoto.eu\/pt_pt\/wp-json\/wp\/v2\/product"}],"about":[{"href":"https:\/\/sk8bright.andreiapeixoto.eu\/pt_pt\/wp-json\/wp\/v2\/types\/product"}],"replies":[{"embeddable":true,"href":"https:\/\/sk8bright.andreiapeixoto.eu\/pt_pt\/wp-json\/wp\/v2\/comments?post=2824"}],"wp:featuredmedia":[{"embeddable":true,"href":"https:\/\/sk8bright.andreiapeixoto.eu\/pt_pt\/wp-json\/wp\/v2\/media\/2827"}],"wp:attachment":[{"href":"https:\/\/sk8bright.andreiapeixoto.eu\/pt_pt\/wp-json\/wp\/v2\/media?parent=2824"}],"wp:term":[{"taxonomy":"product_brand","embeddable":true,"href":"https:\/\/sk8bright.andreiapeixoto.eu\/pt_pt\/wp-json\/wp\/v2\/product_brand?post=2824"},{"taxonomy":"product_cat","embeddable":true,"href":"https:\/\/sk8bright.andreiapeixoto.eu\/pt_pt\/wp-json\/wp\/v2\/product_cat?post=2824"},{"taxonomy":"product_tag","embeddable":true,"href":"https:\/\/sk8bright.andreiapeixoto.eu\/pt_pt\/wp-json\/wp\/v2\/product_tag?post=2824"}],"curies":[{"name":"wp","href":"https:\/\/api.w.org\/{rel}","templated":true}]}}