{"id":2819,"date":"2025-01-30T16:15:18","date_gmt":"2025-01-30T16:15:18","guid":{"rendered":"https:\/\/sk8bright.andreiapeixoto.eu\/?post_type=product&#038;p=2819"},"modified":"2025-01-30T17:00:10","modified_gmt":"2025-01-30T17:00:10","slug":"rolamentos-bones-super-swiss-6-8-pack","status":"publish","type":"product","link":"https:\/\/sk8bright.andreiapeixoto.eu\/pt_pt\/produto\/rolamentos-bones-super-swiss-6-8-pack\/","title":{"rendered":"Rolamentos Bones\u00ae Super Swiss 6 8 pack"},"content":{"rendered":"<pre id=\"tw-target-text\" class=\"tw-data-text tw-text-large tw-ta\" dir=\"ltr\" data-placeholder=\"Tradu\u00e7\u00e3o\" data-ved=\"2ahUKEwj3lrSCp52LAxWbTKQEHf_UE9oQ3ewLegQIBRAV\" aria-label=\"Texto traduzido: Este design exclusivo apresenta seis esferas de di\u00e2metro maior em vez das sete esferas usadas na maioria dos rolamentos 608. A vantagem deste design \u00e9 maior velocidade, maior resist\u00eancia e durabilidade. Fabricado na Su\u00ed\u00e7a. Caracter\u00edsticas A prote\u00e7\u00e3o de borracha remov\u00edvel, \u00fanica e sem contato permite uma limpeza f\u00e1cil e menos atrito. Retentor de bola de nylon de alta velocidade para maior resist\u00eancia e velocidade. Pr\u00e9-lubrificado com lubrificante de corrida Speed \u200b\u200bCream\u00ae As folgas, toler\u00e2ncias, materiais e lubrificantes Skate Rated\u2122 proporcionam o melhor desempenho e durabilidade poss\u00edveis. Conte\u00fado Conjunto de 8 rolamentos 4 espa\u00e7adores de rolamento Instru\u00e7\u00f5es Adesivo Os rolamentos Bones Swiss t\u00eam a melhor reputa\u00e7\u00e3o na ind\u00fastria do skate e recebem esta honra desde 1981, devido ao seu desempenho e qualidade. Todo mundo que anda na Swiss sabe o qu\u00e3o r\u00e1pido eles s\u00e3o e quanto tempo duram. Os depoimentos revelam que eles duram v\u00e1rias vezes mais que os rolamentos de baixo custo. Os patinadores que usam o Bones Swiss o fazem porque desejam o melhor equipamento poss\u00edvel e sabem a diferen\u00e7a entre o comum e o excepcional. Nossa equipe \u00e9 quem \u00e9 quem entre os melhores skatistas e temos orgulho de estar associados a cada um deles.\"><span style=\"font-family: century gothic;\">Este design exclusivo apresenta seis esferas de di\u00e2metro maior em vez das sete esferas \r\nusadas na maioria dos rolamentos 608. A vantagem deste design \u00e9 maior velocidade, maior \r\nresist\u00eancia e durabilidade. Fabricado na Su\u00ed\u00e7a.\r\n\r\n<strong>Caracter\u00edsticas<\/strong>\r\nA prote\u00e7\u00e3o de borracha remov\u00edvel, \u00fanica e sem contato permite uma limpeza f\u00e1cil e menos \r\natrito.\r\nRetentor de bola de nylon de alta velocidade para maior resist\u00eancia e velocidade.\r\nPr\u00e9-lubrificado com lubrificante de corrida Speed \u200b\u200bCream\u00ae\r\nAs folgas, toler\u00e2ncias, materiais e lubrificantes Skate Rated\u2122 proporcionam o melhor \r\ndesempenho e durabilidade poss\u00edveis.\r\n<strong>Conte\u00fado<\/strong>\r\nConjunto de 8 rolamentos\r\n4 separadores de rolamento\r\nInstru\u00e7\u00f5es\r\nAutocolante\r\n\r\n<\/span><\/pre>\n","protected":false},"excerpt":{"rendered":"<p>Este design exclusivo apresenta seis esferas de di\u00e2metro maior em vez das sete esferas usadas na maioria dos rolamentos 608. A vantagem deste design \u00e9 maior velocidade, maior resist\u00eancia e durabilidade. Fabricado na Su\u00ed\u00e7a. Caracter\u00edsticas A prote\u00e7\u00e3o de borracha remov\u00edvel, \u00fanica e sem contato permite uma limpeza f\u00e1cil e menos atrito. Retentor de bola de [&hellip;]<\/p>\n","protected":false},"featured_media":2820,"comment_status":"open","ping_status":"closed","template":"","meta":[],"product_brand":[],"product_cat":[66],"product_tag":[],"class_list":{"0":"post-2819","1":"product","2":"type-product","3":"status-publish","4":"has-post-thumbnail","6":"product_cat-rolamentos","8":"first","9":"instock","10":"taxable","11":"shipping-taxable","12":"purchasable","13":"product-type-simple"},"_links":{"self":[{"href":"https:\/\/sk8bright.andreiapeixoto.eu\/pt_pt\/wp-json\/wp\/v2\/product\/2819","targetHints":{"allow":["GET"]}}],"collection":[{"href":"https:\/\/sk8bright.andreiapeixoto.eu\/pt_pt\/wp-json\/wp\/v2\/product"}],"about":[{"href":"https:\/\/sk8bright.andreiapeixoto.eu\/pt_pt\/wp-json\/wp\/v2\/types\/product"}],"replies":[{"embeddable":true,"href":"https:\/\/sk8bright.andreiapeixoto.eu\/pt_pt\/wp-json\/wp\/v2\/comments?post=2819"}],"wp:featuredmedia":[{"embeddable":true,"href":"https:\/\/sk8bright.andreiapeixoto.eu\/pt_pt\/wp-json\/wp\/v2\/media\/2820"}],"wp:attachment":[{"href":"https:\/\/sk8bright.andreiapeixoto.eu\/pt_pt\/wp-json\/wp\/v2\/media?parent=2819"}],"wp:term":[{"taxonomy":"product_brand","embeddable":true,"href":"https:\/\/sk8bright.andreiapeixoto.eu\/pt_pt\/wp-json\/wp\/v2\/product_brand?post=2819"},{"taxonomy":"product_cat","embeddable":true,"href":"https:\/\/sk8bright.andreiapeixoto.eu\/pt_pt\/wp-json\/wp\/v2\/product_cat?post=2819"},{"taxonomy":"product_tag","embeddable":true,"href":"https:\/\/sk8bright.andreiapeixoto.eu\/pt_pt\/wp-json\/wp\/v2\/product_tag?post=2819"}],"curies":[{"name":"wp","href":"https:\/\/api.w.org\/{rel}","templated":true}]}}