{"id":2807,"date":"2025-01-30T15:48:54","date_gmt":"2025-01-30T15:48:54","guid":{"rendered":"https:\/\/sk8bright.andreiapeixoto.eu\/?post_type=product&#038;p=2807"},"modified":"2025-03-31T16:26:19","modified_gmt":"2025-03-31T16:26:19","slug":"rolamentos-bones-swiss-ceramic-8-pack","status":"publish","type":"product","link":"https:\/\/sk8bright.andreiapeixoto.eu\/pt_pt\/produto\/rolamentos-bones-swiss-ceramic-8-pack\/","title":{"rendered":"Rolamentos Bones\u00ae Swiss Ceramic 8 pack"},"content":{"rendered":"<pre id=\"tw-target-text\" class=\"tw-data-text tw-text-large tw-ta\" dir=\"ltr\" data-placeholder=\"Tradu\u00e7\u00e3o\" data-ved=\"2ahUKEwj3lrSCp52LAxWbTKQEHf_UE9oQ3ewLegQIBRAV\" aria-label=\"Texto traduzido: Bones Swiss Ceramics est\u00e1 em uma classe \u00e0 parte. Se voc\u00ea quer o melhor que existe, \u00e9 isso. As bolas de cer\u00e2mica s\u00e3o muito mais leves, mais duras, mais fortes, \u00e0 prova d'\u00e1gua e duram mais do que as melhores bolas de a\u00e7o. Fabricado na Su\u00ed\u00e7a. Caracter\u00edsticas Acelere mais r\u00e1pido. Role mais r\u00e1pido e mais longe. Resista melhor \u00e0 sujeira e \u00e0 umidade. Ajude a reparar les\u00f5es em suas corridas causadas por sujeira. 1 protetores de borracha remov\u00edveis e sem contato permitem f\u00e1cil limpeza. Retentor de bola de nylon de alta velocidade para maior resist\u00eancia e velocidade. As folgas, toler\u00e2ncias, materiais e lubrificantes Skate Rated\u2122 proporcionam o melhor desempenho e durabilidade poss\u00edveis. Conte\u00fado Conjunto de 8 rolamentos 4 espa\u00e7adores de rolamento Instru\u00e7\u00f5es Adesivo Os rolamentos Bones Swiss t\u00eam a melhor reputa\u00e7\u00e3o na ind\u00fastria do skate e recebem esta honra desde 1981, devido ao seu desempenho e qualidade. Todo mundo que anda na Swiss sabe o qu\u00e3o r\u00e1pido eles s\u00e3o e quanto tempo duram. Os depoimentos revelam que eles duram v\u00e1rias vezes mais que os rolamentos de baixo custo. Os patinadores que usam o Bones Swiss o fazem porque desejam o melhor equipamento poss\u00edvel e sabem a diferen\u00e7a entre o comum e o excepcional. Nossa equipe \u00e9 quem \u00e9 quem entre os melhores skatistas e temos orgulho de estar associados a cada um deles.\"><span style=\"font-family: century gothic;\">As bolas de cer\u00e2mica s\u00e3o muito mais leves, mais duras, mais fortes, \u00e0 prova d'\u00e1gua e duram mais do que as melhores \r\nbolas de a\u00e7o. Fabricado na Su\u00ed\u00e7a.\r\n\r\n<strong>Caracter\u00edsticas<\/strong>\r\nAcelera mais r\u00e1pido.\r\nRola mais r\u00e1pido e mais longe.\r\nResiste melhor \u00e0 sujidade e \u00e0 humidade.\r\nAjuda a reparar les\u00f5es nas suas corridas causadas por sujidade.\r\n1 protetor de borracha remov\u00edvel e sem contato permite f\u00e1cil limpeza.\r\nRetentor de bola de nylon de alta velocidade para maior resist\u00eancia e velocidade.\r\nAs folgas, toler\u00e2ncias, materiais e lubrificantes Skate Rated\u2122 proporcionam o melhor\r\ndesempenho e durabilidade poss\u00edveis.\r\n<strong>Conte\u00fado<\/strong>\r\nConjunto de 8 rolamentos\r\n4 espa\u00e7adores de rolamento\r\nInstru\u00e7\u00f5es\r\nAutocolante\r\n\r\n<\/span><\/pre>\n","protected":false},"excerpt":{"rendered":"<p>As bolas de cer\u00e2mica s\u00e3o muito mais leves, mais duras, mais fortes, \u00e0 prova d&#8217;\u00e1gua e duram mais do que as melhores bolas de a\u00e7o. Fabricado na Su\u00ed\u00e7a. Caracter\u00edsticas Acelera mais r\u00e1pido. Rola mais r\u00e1pido e mais longe. Resiste melhor \u00e0 sujidade e \u00e0 humidade. Ajuda a reparar les\u00f5es nas suas corridas causadas por sujidade. [&hellip;]<\/p>\n","protected":false},"featured_media":2809,"comment_status":"open","ping_status":"closed","template":"","meta":[],"product_brand":[],"product_cat":[66],"product_tag":[],"class_list":{"0":"post-2807","1":"product","2":"type-product","3":"status-publish","4":"has-post-thumbnail","6":"product_cat-rolamentos","8":"first","9":"instock","10":"sale","11":"taxable","12":"shipping-taxable","13":"purchasable","14":"product-type-simple"},"_links":{"self":[{"href":"https:\/\/sk8bright.andreiapeixoto.eu\/pt_pt\/wp-json\/wp\/v2\/product\/2807","targetHints":{"allow":["GET"]}}],"collection":[{"href":"https:\/\/sk8bright.andreiapeixoto.eu\/pt_pt\/wp-json\/wp\/v2\/product"}],"about":[{"href":"https:\/\/sk8bright.andreiapeixoto.eu\/pt_pt\/wp-json\/wp\/v2\/types\/product"}],"replies":[{"embeddable":true,"href":"https:\/\/sk8bright.andreiapeixoto.eu\/pt_pt\/wp-json\/wp\/v2\/comments?post=2807"}],"wp:featuredmedia":[{"embeddable":true,"href":"https:\/\/sk8bright.andreiapeixoto.eu\/pt_pt\/wp-json\/wp\/v2\/media\/2809"}],"wp:attachment":[{"href":"https:\/\/sk8bright.andreiapeixoto.eu\/pt_pt\/wp-json\/wp\/v2\/media?parent=2807"}],"wp:term":[{"taxonomy":"product_brand","embeddable":true,"href":"https:\/\/sk8bright.andreiapeixoto.eu\/pt_pt\/wp-json\/wp\/v2\/product_brand?post=2807"},{"taxonomy":"product_cat","embeddable":true,"href":"https:\/\/sk8bright.andreiapeixoto.eu\/pt_pt\/wp-json\/wp\/v2\/product_cat?post=2807"},{"taxonomy":"product_tag","embeddable":true,"href":"https:\/\/sk8bright.andreiapeixoto.eu\/pt_pt\/wp-json\/wp\/v2\/product_tag?post=2807"}],"curies":[{"name":"wp","href":"https:\/\/api.w.org\/{rel}","templated":true}]}}