{"id":2799,"date":"2025-01-30T15:23:43","date_gmt":"2025-01-30T15:23:43","guid":{"rendered":"https:\/\/sk8bright.andreiapeixoto.eu\/?post_type=product&#038;p=2799"},"modified":"2025-01-31T11:46:03","modified_gmt":"2025-01-31T11:46:03","slug":"rolamentos-mini-logo-skateboards-militant","status":"publish","type":"product","link":"https:\/\/sk8bright.andreiapeixoto.eu\/pt_pt\/produto\/rolamentos-mini-logo-skateboards-militant\/","title":{"rendered":"Rolamentos Mini-Logo Skateboards: Militant"},"content":{"rendered":"<pre id=\"tw-target-text\" class=\"tw-data-text tw-text-large tw-ta\" dir=\"ltr\" data-placeholder=\"Tradu\u00e7\u00e3o\" data-ved=\"2ahUKEwj3lrSCp52LAxWbTKQEHf_UE9oQ3ewLegQIBRAV\" aria-label=\"Texto traduzido: Pacote de 8 recursos Alto desempenho, classifica\u00e7\u00e3o de skateConstru\u00e7\u00e3o Esferas e an\u00e9is de a\u00e7o cromo Terreno de precis\u00e3o e pistas superacabadas Gaiola de esferas extra resistente e de alta velocidade (remov\u00edvel) Escudo de borracha flex\u00edvel em um lado (remov\u00edvel) Escudo de metal r\u00edgido em um lado (remov\u00edvel) Aplica\u00e7\u00e3o Speed \u200b\u200bCream\u00ae Synthetic Racing Oil\"><span style=\"font-family: century gothic;\"><strong>Pacote de 8 recursos\r\n<\/strong>\r\nAlto desempenho, classifica\u00e7\u00e3o de skateConstru\u00e7\u00e3o  \r\nEsferas e an\u00e9is de a\u00e7o cromo \r\nTerreno de precis\u00e3o e pistas superacabadas \r\nGaiola de esferas extra resistente e de alta velocidade (remov\u00edvel) \r\nEscudo de borracha flex\u00edvel em um lado (remov\u00edvel) \r\nEscudo de metal r\u00edgido em um lado (remov\u00edvel) \r\nAplica\u00e7\u00e3o Speed \u200b\u200bCream\u00ae Synthetic Racing Oil<\/span><\/pre>\n","protected":false},"excerpt":{"rendered":"<p>Pacote de 8 recursos Alto desempenho, classifica\u00e7\u00e3o de skateConstru\u00e7\u00e3o Esferas e an\u00e9is de a\u00e7o cromo Terreno de precis\u00e3o e pistas superacabadas Gaiola de esferas extra resistente e de alta velocidade (remov\u00edvel) Escudo de borracha flex\u00edvel em um lado (remov\u00edvel) Escudo de metal r\u00edgido em um lado (remov\u00edvel) Aplica\u00e7\u00e3o Speed \u200b\u200bCream\u00ae Synthetic Racing Oil<\/p>\n","protected":false},"featured_media":2800,"comment_status":"open","ping_status":"closed","template":"","meta":[],"product_brand":[],"product_cat":[67],"product_tag":[],"class_list":{"0":"post-2799","1":"product","2":"type-product","3":"status-publish","4":"has-post-thumbnail","6":"product_cat-rolamentos-street","8":"first","9":"instock","10":"taxable","11":"shipping-taxable","12":"purchasable","13":"product-type-simple"},"_links":{"self":[{"href":"https:\/\/sk8bright.andreiapeixoto.eu\/pt_pt\/wp-json\/wp\/v2\/product\/2799","targetHints":{"allow":["GET"]}}],"collection":[{"href":"https:\/\/sk8bright.andreiapeixoto.eu\/pt_pt\/wp-json\/wp\/v2\/product"}],"about":[{"href":"https:\/\/sk8bright.andreiapeixoto.eu\/pt_pt\/wp-json\/wp\/v2\/types\/product"}],"replies":[{"embeddable":true,"href":"https:\/\/sk8bright.andreiapeixoto.eu\/pt_pt\/wp-json\/wp\/v2\/comments?post=2799"}],"wp:featuredmedia":[{"embeddable":true,"href":"https:\/\/sk8bright.andreiapeixoto.eu\/pt_pt\/wp-json\/wp\/v2\/media\/2800"}],"wp:attachment":[{"href":"https:\/\/sk8bright.andreiapeixoto.eu\/pt_pt\/wp-json\/wp\/v2\/media?parent=2799"}],"wp:term":[{"taxonomy":"product_brand","embeddable":true,"href":"https:\/\/sk8bright.andreiapeixoto.eu\/pt_pt\/wp-json\/wp\/v2\/product_brand?post=2799"},{"taxonomy":"product_cat","embeddable":true,"href":"https:\/\/sk8bright.andreiapeixoto.eu\/pt_pt\/wp-json\/wp\/v2\/product_cat?post=2799"},{"taxonomy":"product_tag","embeddable":true,"href":"https:\/\/sk8bright.andreiapeixoto.eu\/pt_pt\/wp-json\/wp\/v2\/product_tag?post=2799"}],"curies":[{"name":"wp","href":"https:\/\/api.w.org\/{rel}","templated":true}]}}