{"id":2791,"date":"2025-01-30T15:05:39","date_gmt":"2025-01-30T15:05:39","guid":{"rendered":"https:\/\/sk8bright.andreiapeixoto.eu\/?post_type=product&#038;p=2791"},"modified":"2025-02-19T13:23:13","modified_gmt":"2025-02-19T13:23:13","slug":"rolamentos-bronson-speed-co-g2-box8","status":"publish","type":"product","link":"https:\/\/sk8bright.andreiapeixoto.eu\/pt_pt\/produto\/rolamentos-bronson-speed-co-g2-box8\/","title":{"rendered":"Rolamentos Bronson Speed Co: G2 Box8"},"content":{"rendered":"<p><span style=\"font-family: century gothic;\">Rolamentos da marca Bronson Speed Co<\/span><\/p>\n<p><span style=\"font-family: century gothic;\">Contem oito rolamentos, quatro separadores.<\/span><\/p>\n<p><span style=\"font-family: century gothic;\">Rolamentos de \u00faltima gera\u00e7\u00e3o, concebidos para o skate atual<\/span><\/p>\n<p><span style=\"font-family: century gothic;\">G2: &#8220;GO FAST.STAY FAST.LAST LONG&#8221;<\/span><\/p>\n<pre id=\"tw-target-text\" class=\"tw-data-text tw-text-large tw-ta\" dir=\"ltr\" data-placeholder=\"Tradu\u00e7\u00e3o\" data-ved=\"2ahUKEwj3lrSCp52LAxWbTKQEHf_UE9oQ3ewLegQIBRAV\" aria-label=\"Texto traduzido: EXPERIMENTE A PR\u00d3XIMA GERA\u00c7\u00c3O Os rolamentos Bronson Speed \u200b\u200bCo. G2 s\u00e3o o que h\u00e1 de mais moderno em tecnologia de rolamentos, apresentando pistas de sulco profundo para melhorar a lubrifica\u00e7\u00e3o e o giro do rolamento. Escudos sem atrito de borda reta para reduzir a entrada de sujeira e umidade e \u00f3leo cer\u00e2mico de alta velocidade adicionado para eliminar o per\u00edodo de quebra e mant\u00ea-lo rolando mais r\u00e1pido assim que sai da caixa. Caracter\u00edsticas: Pistas profundas Escudos sem atrito de borda reta \u00d3leo cer\u00e2mico de alta velocidade Quatro espa\u00e7adores\"><span style=\"font-family: century gothic;\">EXPERIMENTE A PR\u00d3XIMA GERA\u00c7\u00c3O\r\nOs rolamentos Bronson Speed \u200b\u200bCo. G2 s\u00e3o o que h\u00e1 de mais moderno em tecnologia de \r\nrolamentos, apresentando pistas de sulco profundo para melhorar a lubrifica\u00e7\u00e3o e o \r\ngiro do rolamento. Escudos sem atrito de borda reta para reduzir a entrada de sujidade e \r\nhumidade. \u00d3leo cer\u00e2mico de alta velocidade adicionado para eliminar o per\u00edodo de quebra \r\ne mant\u00ea-lo a rolar mais r\u00e1pido assim que sai da caixa.\r\n\r\n<strong>Caracter\u00edsticas:<\/strong>\r\n\r\n    Pistas profundas\r\n    Escudos sem atrito de borda reta\r\n    \u00d3leo cer\u00e2mico de alta velocidade\r\n    Quatro separadores<\/span><\/pre>\n","protected":false},"excerpt":{"rendered":"<p>Rolamentos da marca Bronson Speed Co Contem oito rolamentos, quatro separadores. Rolamentos de \u00faltima gera\u00e7\u00e3o, concebidos para o skate atual G2: &#8220;GO FAST.STAY FAST.LAST LONG&#8221; EXPERIMENTE A PR\u00d3XIMA GERA\u00c7\u00c3O Os rolamentos Bronson Speed \u200b\u200bCo. G2 s\u00e3o o que h\u00e1 de mais moderno em tecnologia de rolamentos, apresentando pistas de sulco profundo para melhorar a lubrifica\u00e7\u00e3o [&hellip;]<\/p>\n","protected":false},"featured_media":2792,"comment_status":"open","ping_status":"closed","template":"","meta":[],"product_brand":[],"product_cat":[67],"product_tag":[],"class_list":{"0":"post-2791","1":"product","2":"type-product","3":"status-publish","4":"has-post-thumbnail","6":"product_cat-rolamentos-street","8":"first","9":"instock","10":"taxable","11":"shipping-taxable","12":"purchasable","13":"product-type-simple"},"_links":{"self":[{"href":"https:\/\/sk8bright.andreiapeixoto.eu\/pt_pt\/wp-json\/wp\/v2\/product\/2791","targetHints":{"allow":["GET"]}}],"collection":[{"href":"https:\/\/sk8bright.andreiapeixoto.eu\/pt_pt\/wp-json\/wp\/v2\/product"}],"about":[{"href":"https:\/\/sk8bright.andreiapeixoto.eu\/pt_pt\/wp-json\/wp\/v2\/types\/product"}],"replies":[{"embeddable":true,"href":"https:\/\/sk8bright.andreiapeixoto.eu\/pt_pt\/wp-json\/wp\/v2\/comments?post=2791"}],"wp:featuredmedia":[{"embeddable":true,"href":"https:\/\/sk8bright.andreiapeixoto.eu\/pt_pt\/wp-json\/wp\/v2\/media\/2792"}],"wp:attachment":[{"href":"https:\/\/sk8bright.andreiapeixoto.eu\/pt_pt\/wp-json\/wp\/v2\/media?parent=2791"}],"wp:term":[{"taxonomy":"product_brand","embeddable":true,"href":"https:\/\/sk8bright.andreiapeixoto.eu\/pt_pt\/wp-json\/wp\/v2\/product_brand?post=2791"},{"taxonomy":"product_cat","embeddable":true,"href":"https:\/\/sk8bright.andreiapeixoto.eu\/pt_pt\/wp-json\/wp\/v2\/product_cat?post=2791"},{"taxonomy":"product_tag","embeddable":true,"href":"https:\/\/sk8bright.andreiapeixoto.eu\/pt_pt\/wp-json\/wp\/v2\/product_tag?post=2791"}],"curies":[{"name":"wp","href":"https:\/\/api.w.org\/{rel}","templated":true}]}}