{"id":2779,"date":"2025-01-30T12:49:01","date_gmt":"2025-01-30T12:49:01","guid":{"rendered":"https:\/\/sk8bright.andreiapeixoto.eu\/?post_type=product&#038;p=2779"},"modified":"2025-01-30T14:30:57","modified_gmt":"2025-01-30T14:30:57","slug":"rolamentos-bones-reds-8-pack","status":"publish","type":"product","link":"https:\/\/sk8bright.andreiapeixoto.eu\/pt_pt\/produto\/rolamentos-bones-reds-8-pack\/","title":{"rendered":"Rolamentos Bones\u00ae REDS\u00ae 8 pack"},"content":{"rendered":"<pre id=\"tw-target-text\" class=\"tw-data-text tw-text-large tw-ta\" dir=\"ltr\" data-placeholder=\"Tradu\u00e7\u00e3o\" data-ved=\"2ahUKEwj3lrSCp52LAxWbTKQEHf_UE9oQ3ewLegQIBRAV\" aria-label=\"Texto traduzido: Bones\u00ae REDS\u00ae s\u00e3o fabricados na China de acordo com nossas especifica\u00e7\u00f5es Bones Skate Rated\u2122 em uma f\u00e1brica dedicada a produzir rolamentos de skate da mais alta qualidade na China. Eles s\u00e3o inspecionados duas vezes antes de serem enviados aos patinadores e oferecem a maior combina\u00e7\u00e3o de desempenho, durabilidade e baixo custo do setor. Por oferecerem desempenho pr\u00f3ximo ao da Bones Swiss por uma fra\u00e7\u00e3o do custo, eles se tornaram os rolamentos mais vendidos. Caracter\u00edsticas Escudo de borracha remov\u00edvel \u00fanico, sem contato, para f\u00e1cil limpeza e menos atrito Retentor de bola em Nylon\u2122 de alta velocidade para maior resist\u00eancia e velocidade Pr\u00e9-lubrificado com lubrificante de corrida Speed \u200b\u200bCream\u2122 As folgas, toler\u00e2ncias, materiais e lubrificantes Skate Rated\u2122 proporcionam o melhor desempenho e durabilidade poss\u00edveis Conte\u00fado Instru\u00e7\u00f5es Adesivo\"><span style=\"font-family: century gothic;\">Bones\u00ae REDS\u00ae s\u00e3o fabricados na China de acordo com as nossas especifica\u00e7\u00f5es Bones Skate Rated\u2122\r\nnuma f\u00e1brica dedicada a produzir rolamentos de skate da mais alta qualidade na China. \r\nEles s\u00e3o inspecionados duas vezes antes de serem enviados aos patinadores e oferecem a \r\nmaior combina\u00e7\u00e3o de desempenho, durabilidade e baixo custo do setor.\r\n\r\n<strong>Caracter\u00edsticas<\/strong>\r\nEscudo de borracha remov\u00edvel \u00fanico, sem contato, para f\u00e1cil limpeza e menos atrito\r\nRetentor de bola em Nylon\u2122 de alta velocidade para maior resist\u00eancia e velocidade\r\nPr\u00e9-lubrificado com lubrificante de corrida Speed \u200b\u200bCream\u2122\r\nAs folgas, toler\u00e2ncias, materiais e lubrificantes Skate Rated\u2122 proporcionam o melhor \r\ndesempenho e durabilidade poss\u00edveis\r\n<strong>Conte\u00fado<\/strong>\r\nInstru\u00e7\u00f5es\r\nAutocolante<\/span><\/pre>\n","protected":false},"excerpt":{"rendered":"<p>Bones\u00ae REDS\u00ae s\u00e3o fabricados na China de acordo com as nossas especifica\u00e7\u00f5es Bones Skate Rated\u2122 numa f\u00e1brica dedicada a produzir rolamentos de skate da mais alta qualidade na China. Eles s\u00e3o inspecionados duas vezes antes de serem enviados aos patinadores e oferecem a maior combina\u00e7\u00e3o de desempenho, durabilidade e baixo custo do setor. Caracter\u00edsticas Escudo [&hellip;]<\/p>\n","protected":false},"featured_media":2780,"comment_status":"open","ping_status":"closed","template":"","meta":[],"product_brand":[],"product_cat":[66],"product_tag":[],"class_list":{"0":"post-2779","1":"product","2":"type-product","3":"status-publish","4":"has-post-thumbnail","6":"product_cat-rolamentos","8":"first","9":"instock","10":"taxable","11":"shipping-taxable","12":"purchasable","13":"product-type-simple"},"_links":{"self":[{"href":"https:\/\/sk8bright.andreiapeixoto.eu\/pt_pt\/wp-json\/wp\/v2\/product\/2779","targetHints":{"allow":["GET"]}}],"collection":[{"href":"https:\/\/sk8bright.andreiapeixoto.eu\/pt_pt\/wp-json\/wp\/v2\/product"}],"about":[{"href":"https:\/\/sk8bright.andreiapeixoto.eu\/pt_pt\/wp-json\/wp\/v2\/types\/product"}],"replies":[{"embeddable":true,"href":"https:\/\/sk8bright.andreiapeixoto.eu\/pt_pt\/wp-json\/wp\/v2\/comments?post=2779"}],"wp:featuredmedia":[{"embeddable":true,"href":"https:\/\/sk8bright.andreiapeixoto.eu\/pt_pt\/wp-json\/wp\/v2\/media\/2780"}],"wp:attachment":[{"href":"https:\/\/sk8bright.andreiapeixoto.eu\/pt_pt\/wp-json\/wp\/v2\/media?parent=2779"}],"wp:term":[{"taxonomy":"product_brand","embeddable":true,"href":"https:\/\/sk8bright.andreiapeixoto.eu\/pt_pt\/wp-json\/wp\/v2\/product_brand?post=2779"},{"taxonomy":"product_cat","embeddable":true,"href":"https:\/\/sk8bright.andreiapeixoto.eu\/pt_pt\/wp-json\/wp\/v2\/product_cat?post=2779"},{"taxonomy":"product_tag","embeddable":true,"href":"https:\/\/sk8bright.andreiapeixoto.eu\/pt_pt\/wp-json\/wp\/v2\/product_tag?post=2779"}],"curies":[{"name":"wp","href":"https:\/\/api.w.org\/{rel}","templated":true}]}}