{"id":2763,"date":"2025-01-30T11:04:57","date_gmt":"2025-01-30T11:04:57","guid":{"rendered":"https:\/\/sk8bright.andreiapeixoto.eu\/?post_type=product&#038;p=2763"},"modified":"2025-01-30T14:34:27","modified_gmt":"2025-01-30T14:34:27","slug":"rolamentos-bones-swiss-8mm-16-pack","status":"publish","type":"product","link":"https:\/\/sk8bright.andreiapeixoto.eu\/pt_pt\/produto\/rolamentos-bones-swiss-8mm-16-pack\/","title":{"rendered":"Rolamentos Bones\u00ae Swiss 8mm 16 pack"},"content":{"rendered":"<p id=\"tw-target-text\" class=\"tw-data-text tw-text-large tw-ta\" dir=\"ltr\" data-placeholder=\"Tradu\u00e7\u00e3o\" data-ved=\"2ahUKEwj3lrSCp52LAxWbTKQEHf_UE9oQ3ewLegQIBRAV\" aria-label=\"Os lend\u00e1rios rolamentos su\u00ed\u00e7os originais Bones\u00ae s\u00e3o a combina\u00e7\u00e3o ideal do design Bones Skate Rated\u2122 e da fabrica\u00e7\u00e3o de precis\u00e3o su\u00ed\u00e7a, criando o padr\u00e3o pelo qual todos os outros rolamentos s\u00e3o medidos. H\u00e1 mais de 36 anos preferido pelos melhores patinadores profissionais do mundo. A velocidade e a durabilidade comprovadas e de n\u00edvel de competi\u00e7\u00e3o profissional fazem com que os Bones Swiss normalmente durem v\u00e1rias vezes mais que os rolamentos comuns com classifica\u00e7\u00e3o ABEC. Fabricado na Su\u00ed\u00e7a.\"><span style=\"font-family: century gothic;\">Os lend\u00e1rios rolamentos su\u00ed\u00e7os originais Bones\u00ae s\u00e3o a combina\u00e7\u00e3o ideal do design Bones Skate Rated\u2122 e da fabrica\u00e7\u00e3o de precis\u00e3o su\u00ed\u00e7a, criando o padr\u00e3o pelo qual todos os outros rolamentos s\u00e3o medidos. H\u00e1 mais de 36 anos preferido pelos melhores patinadores profissionais do mundo. A velocidade e a durabilidade comprovadas e de n\u00edvel de competi\u00e7\u00e3o profissional fazem com que os Bones Swiss normalmente durem v\u00e1rias vezes mais que os rolamentos comuns com classifica\u00e7\u00e3o ABEC. Fabricado na Su\u00ed\u00e7a.<\/span><\/p>\n<pre id=\"tw-target-text\" class=\"tw-data-text tw-text-large tw-ta\" dir=\"ltr\" data-placeholder=\"Tradu\u00e7\u00e3o\" data-ved=\"2ahUKEwj3lrSCp52LAxWbTKQEHf_UE9oQ3ewLegQIBRAV\" aria-label=\"Texto traduzido: Caracter\u00edsticas A prote\u00e7\u00e3o de borracha \u00fanica, remov\u00edvel e sem contato permite f\u00e1cil limpeza e baixo atrito. O retentor de esfera de n\u00e1ilon de alta velocidade proporciona maior resist\u00eancia e velocidade. Pr\u00e9-lubrificado com lubrificante de corrida Speed \u200b\u200bCream Classifica\u00e7\u00e3o de skate; folgas, toler\u00e2ncias, materiais e lubrificantes proporcionam o melhor desempenho e durabilidade poss\u00edveis. Rolamento de skate de alta qualidade mais vendido nos EUA. Conte\u00fado Conjunto de 16 rolamentos Instru\u00e7\u00f5es Adesivo\"><span style=\"font-family: century gothic;\"><strong>Caracter\u00edsticas<\/strong>\r\nA prote\u00e7\u00e3o de borracha \u00fanica, remov\u00edvel e sem contato permite f\u00e1cil limpeza e baixo atrito.\r\nO retentor de esfera de n\u00e1ilon de alta velocidade proporciona maior resist\u00eancia e velocidade.\r\nPr\u00e9-lubrificado com lubrificante de corrida Speed \u200b\u200bCream\r\nClassifica\u00e7\u00e3o de skate; folgas, toler\u00e2ncias, materiais e lubrificantes proporcionam o\r\nmelhor desempenho e durabilidade poss\u00edveis.\r\nRolamento de skate de alta qualidade mais vendido nos EUA. \r\n<strong>Conte\u00fado<\/strong> \r\nConjunto de 16 rolamentos\r\nInstru\u00e7\u00f5es\r\nAutocolante<\/span><\/pre>\n","protected":false},"excerpt":{"rendered":"<p>Os lend\u00e1rios rolamentos su\u00ed\u00e7os originais Bones\u00ae s\u00e3o a combina\u00e7\u00e3o ideal do design Bones Skate Rated\u2122 e da fabrica\u00e7\u00e3o de precis\u00e3o su\u00ed\u00e7a, criando o padr\u00e3o pelo qual todos os outros rolamentos s\u00e3o medidos. H\u00e1 mais de 36 anos preferido pelos melhores patinadores profissionais do mundo. A velocidade e a durabilidade comprovadas e de n\u00edvel de competi\u00e7\u00e3o [&hellip;]<\/p>\n","protected":false},"featured_media":2765,"comment_status":"open","ping_status":"closed","template":"","meta":[],"product_brand":[],"product_cat":[66],"product_tag":[],"class_list":{"0":"post-2763","1":"product","2":"type-product","3":"status-publish","4":"has-post-thumbnail","6":"product_cat-rolamentos","8":"first","9":"instock","10":"taxable","11":"shipping-taxable","12":"purchasable","13":"product-type-simple"},"_links":{"self":[{"href":"https:\/\/sk8bright.andreiapeixoto.eu\/pt_pt\/wp-json\/wp\/v2\/product\/2763","targetHints":{"allow":["GET"]}}],"collection":[{"href":"https:\/\/sk8bright.andreiapeixoto.eu\/pt_pt\/wp-json\/wp\/v2\/product"}],"about":[{"href":"https:\/\/sk8bright.andreiapeixoto.eu\/pt_pt\/wp-json\/wp\/v2\/types\/product"}],"replies":[{"embeddable":true,"href":"https:\/\/sk8bright.andreiapeixoto.eu\/pt_pt\/wp-json\/wp\/v2\/comments?post=2763"}],"wp:featuredmedia":[{"embeddable":true,"href":"https:\/\/sk8bright.andreiapeixoto.eu\/pt_pt\/wp-json\/wp\/v2\/media\/2765"}],"wp:attachment":[{"href":"https:\/\/sk8bright.andreiapeixoto.eu\/pt_pt\/wp-json\/wp\/v2\/media?parent=2763"}],"wp:term":[{"taxonomy":"product_brand","embeddable":true,"href":"https:\/\/sk8bright.andreiapeixoto.eu\/pt_pt\/wp-json\/wp\/v2\/product_brand?post=2763"},{"taxonomy":"product_cat","embeddable":true,"href":"https:\/\/sk8bright.andreiapeixoto.eu\/pt_pt\/wp-json\/wp\/v2\/product_cat?post=2763"},{"taxonomy":"product_tag","embeddable":true,"href":"https:\/\/sk8bright.andreiapeixoto.eu\/pt_pt\/wp-json\/wp\/v2\/product_tag?post=2763"}],"curies":[{"name":"wp","href":"https:\/\/api.w.org\/{rel}","templated":true}]}}