{"id":2289,"date":"2025-01-20T11:24:10","date_gmt":"2025-01-20T11:24:10","guid":{"rendered":"https:\/\/sk8bright.andreiapeixoto.eu\/?post_type=product&#038;p=2289"},"modified":"2025-05-21T12:48:24","modified_gmt":"2025-05-21T12:48:24","slug":"skate-street-star-versao-branco","status":"publish","type":"product","link":"https:\/\/sk8bright.andreiapeixoto.eu\/pt_pt\/produto\/skate-street-star-versao-branco\/","title":{"rendered":"Skate street &#8220;Star&#8221; vers\u00e3o branco"},"content":{"rendered":"<p><span style=\"color: #fff; font-family: century gothic;\">Composto por 7 camadas de madeira 100% canadiana, conhecida pela sua durabilidade e resist\u00eancia. Estas camadas de maple s\u0103o coladas com resina de epoxy para uma constru\u00e7\u0103o robusta e duradoura.<\/span><br \/>\n<img loading=\"lazy\" decoding=\"async\" class=\"alignnone wp-image-3527\" src=\"https:\/\/sk8bright.andreiapeixoto.eu\/wp-content\/uploads\/2025\/01\/7.75-x-30_Artboard-2-2-300x65.png\" alt=\"\" width=\"1158\" height=\"251\" srcset=\"https:\/\/sk8bright.andreiapeixoto.eu\/wp-content\/uploads\/2025\/01\/7.75-x-30_Artboard-2-2-300x65.png 300w, https:\/\/sk8bright.andreiapeixoto.eu\/wp-content\/uploads\/2025\/01\/7.75-x-30_Artboard-2-2-1024x221.png 1024w, https:\/\/sk8bright.andreiapeixoto.eu\/wp-content\/uploads\/2025\/01\/7.75-x-30_Artboard-2-2-768x165.png 768w, https:\/\/sk8bright.andreiapeixoto.eu\/wp-content\/uploads\/2025\/01\/7.75-x-30_Artboard-2-2-1536x331.png 1536w, https:\/\/sk8bright.andreiapeixoto.eu\/wp-content\/uploads\/2025\/01\/7.75-x-30_Artboard-2-2-18x4.png 18w, https:\/\/sk8bright.andreiapeixoto.eu\/wp-content\/uploads\/2025\/01\/7.75-x-30_Artboard-2-2-600x129.png 600w\" sizes=\"auto, (max-width: 1158px) 100vw, 1158px\" \/><\/p>\n","protected":false},"excerpt":{"rendered":"<p><span style=\"color: #ffd700; font-family: century gothic;\">Apresentamos um modelo 3D para uma melhor <\/span><\/p>\n<p><span style=\"color: #ffd700; font-family: century gothic;\">interatividade e conex\u00e3o com o teu pr\u00f3ximo sk8.<\/span><\/p>\n","protected":false},"featured_media":2290,"comment_status":"open","ping_status":"closed","template":"","meta":[],"product_brand":[101],"product_cat":[47],"product_tag":[],"class_list":{"0":"post-2289","1":"product","2":"type-product","3":"status-publish","4":"has-post-thumbnail","6":"product_brand-sk8-bright","7":"product_cat-street-completo","9":"first","10":"instock","11":"taxable","12":"shipping-taxable","13":"purchasable","14":"product-type-variable"},"_links":{"self":[{"href":"https:\/\/sk8bright.andreiapeixoto.eu\/pt_pt\/wp-json\/wp\/v2\/product\/2289","targetHints":{"allow":["GET"]}}],"collection":[{"href":"https:\/\/sk8bright.andreiapeixoto.eu\/pt_pt\/wp-json\/wp\/v2\/product"}],"about":[{"href":"https:\/\/sk8bright.andreiapeixoto.eu\/pt_pt\/wp-json\/wp\/v2\/types\/product"}],"replies":[{"embeddable":true,"href":"https:\/\/sk8bright.andreiapeixoto.eu\/pt_pt\/wp-json\/wp\/v2\/comments?post=2289"}],"wp:featuredmedia":[{"embeddable":true,"href":"https:\/\/sk8bright.andreiapeixoto.eu\/pt_pt\/wp-json\/wp\/v2\/media\/2290"}],"wp:attachment":[{"href":"https:\/\/sk8bright.andreiapeixoto.eu\/pt_pt\/wp-json\/wp\/v2\/media?parent=2289"}],"wp:term":[{"taxonomy":"product_brand","embeddable":true,"href":"https:\/\/sk8bright.andreiapeixoto.eu\/pt_pt\/wp-json\/wp\/v2\/product_brand?post=2289"},{"taxonomy":"product_cat","embeddable":true,"href":"https:\/\/sk8bright.andreiapeixoto.eu\/pt_pt\/wp-json\/wp\/v2\/product_cat?post=2289"},{"taxonomy":"product_tag","embeddable":true,"href":"https:\/\/sk8bright.andreiapeixoto.eu\/pt_pt\/wp-json\/wp\/v2\/product_tag?post=2289"}],"curies":[{"name":"wp","href":"https:\/\/api.w.org\/{rel}","templated":true}]}}