{"id":982,"date":"2024-12-21T18:49:10","date_gmt":"2024-12-21T18:49:10","guid":{"rendered":"https:\/\/sk8bright.andreiapeixoto.eu\/?page_id=982"},"modified":"2025-04-19T18:38:04","modified_gmt":"2025-04-19T18:38:04","slug":"termos-e-condicoes","status":"publish","type":"page","link":"https:\/\/sk8bright.andreiapeixoto.eu\/pt_pt\/termos-e-condicoes\/","title":{"rendered":"Termos e condi\u00e7\u00f5es"},"content":{"rendered":"\n<h2 class=\"wp-block-heading\" id=\"nome-da-loja-pol\u00edtica-de-termos-e-condi\u00e7\u00f5es\">SK8 Bright | Pol\u00edtica de Termos e Condi\u00e7\u00f5es<\/h2>\n\n\n\n<div style=\"height:14px\" aria-hidden=\"true\" class=\"wp-block-spacer\"><\/div>\n\n\n\n<p class=\"has-custom-color-1-color has-text-color has-link-color has-designer-font-family wp-elements-eb582fd8b3cd5c18f72aee5e68abe81a\">Estes termos e condi\u00e7\u00f5es definem as regras e regulamentos para a utiliza\u00e7\u00e3o do Website SK8 Bright.<\/p>\n\n\n\n<div style=\"height:14px\" aria-hidden=\"true\" class=\"wp-block-spacer\"><\/div>\n\n\n\n<p class=\"has-century-gothic-font-family\">Ao aceder a este site, presumimos que aceita os termos e condi\u00e7\u00f5es na totalidade. N\u00e3o continue a utilizar o site se n\u00e3o aceitar todos os termos e servi\u00e7os referidos nesta p\u00e1gina.<\/p>\n\n\n\n<p class=\"has-century-gothic-font-family\">A terminologia seguinte aplica-se as estes Termos e Condi\u00e7\u00f5es, Declara\u00e7\u00e3o de Privacidade e Aviso de Isen\u00e7\u00e3o de Responsabilidade, assim como a todo e qualquer Acordo:&nbsp;<strong>Cliente<\/strong>,&nbsp;<strong>Voc\u00ea<\/strong>&nbsp;e&nbsp;<strong>Seu<\/strong>&nbsp;referem-se a si, a pessoa que est\u00e1 a aceder a este site para aceitar os termos e condi\u00e7\u00f5es da Empresa.&nbsp;<strong>A Empresa<\/strong>,&nbsp;<strong>N\u00f3s<\/strong>&nbsp;e&nbsp;<strong>Nosso<\/strong>, referem-se \u00e0 nossa Empresa.&nbsp;<strong>Entidade<\/strong>,&nbsp;<strong>Entidades<\/strong>, ou&nbsp;<strong>N\u00f3s<\/strong>, referem-se tanto ao Cliente como a n\u00f3s, ou s\u00f3 ao cliente ou a n\u00f3s.<\/p>\n\n\n\n<p class=\"has-century-gothic-font-family\">Todos os termos referem-se \u00e0 oferta, aceita\u00e7\u00e3o e considera\u00e7\u00e3o do pagamento necess\u00e1rio para levar a cabo o processo da nossa assist\u00eancia ao Cliente da forma mais apropriada, seja atrav\u00e9s de reuni\u00f5es formais de dura\u00e7\u00e3o fixa, ou qualquer outro meio, com o objetivo expresso de cumprir as necessidades do Cliente no que diz respeito ao fornecimento dos servi\u00e7os\/produtos da Empresa.<\/p>\n\n\n\n<p class=\"has-century-gothic-font-family\">Qualquer uso da terminologia acima ou outras palavras no singular, plural, em mai\u00fascula\/min\u00fascula e\/ou ele\/ela ou eles\/elas s\u00e3o tomados como intermut\u00e1veis e, portanto, referem-se ao mesmo.<\/p>\n\n\n\n<div style=\"height:14px\" aria-hidden=\"true\" class=\"wp-block-spacer\"><\/div>\n\n\n\n<h2 class=\"wp-block-heading has-custom-color-1-color has-text-color has-link-color has-x-large-font-size wp-elements-9cfcac08d45657f657c3f3a6c349394a\">Cookies<\/h2>\n\n\n\n<div style=\"height:14px\" aria-hidden=\"true\" class=\"wp-block-spacer\"><\/div>\n\n\n\n<p class=\"has-century-gothic-font-family\">Utilizamos cookies. Ao usar o site SK8 Bright consente a utiliza\u00e7\u00e3o de cookies de acordo com a pol\u00edtica de privacidade da SK8 Bright. A maioria dos sites interativos de hoje em dia usam cookies que nos permitem recuperar os detalhes do utilizador para cada visita.<\/p>\n\n\n\n<p class=\"has-century-gothic-font-family\">As cookies s\u00e3o usadas em algumas \u00e1reas do nosso site para permitir a funcionalidade desta \u00e1rea e facilitar a utiliza\u00e7\u00e3o dos visitantes. Alguns dos nossos afiliados \/ parceiros publicit\u00e1rios podem tamb\u00e9m usar cookies.<\/p>\n\n\n\n<div style=\"height:14px\" aria-hidden=\"true\" class=\"wp-block-spacer\"><\/div>\n\n\n\n<h2 class=\"wp-block-heading has-custom-color-1-color has-text-color has-link-color wp-elements-a6bb614840cff87c356bcbb65d8f3b1d\">Licen\u00e7a<\/h2>\n\n\n\n<div style=\"height:14px\" aria-hidden=\"true\" class=\"wp-block-spacer\"><\/div>\n\n\n\n<p class=\"has-century-gothic-font-family\">Excetuando refer\u00eancia em contr\u00e1rio, a SK8 Bright e\/ou os seus licenciantes s\u00e3o propriet\u00e1rios dos direitos de propriedade intelectual para todo o nosso material.<\/p>\n\n\n\n<p class=\"has-century-gothic-font-family\">Todos os direitos de propriedade intelectual s\u00e3o reservados. Pode visualizar e\/ou imprimir p\u00e1ginas da SK8 Bright para o seu uso pessoal, sujeito \u00e0s restri\u00e7\u00f5es definidas nestes termos e condi\u00e7\u00f5es.<\/p>\n\n\n\n<div style=\"height:14px\" aria-hidden=\"true\" class=\"wp-block-spacer\"><\/div>\n\n\n\n<h2 class=\"wp-block-heading has-custom-color-1-color has-text-color has-link-color wp-elements-9d53388086a8fd45acc83b356c8ed3c8\">N\u00e3o deve:<\/h2>\n\n\n\n<div style=\"height:14px\" aria-hidden=\"true\" class=\"wp-block-spacer\"><\/div>\n\n\n\n<ul class=\"wp-block-list has-century-gothic-font-family\">\n<li>Vender, alugar ou sub-licenciar material da SK8 Bright.<\/li>\n\n\n\n<li>Reproduzir, duplicar ou copiar material da SK8 Bright.<\/li>\n\n\n\n<li>Redistribuir conte\u00fado da SK8 Bright.<\/li>\n<\/ul>\n\n\n\n<div style=\"height:14px\" aria-hidden=\"true\" class=\"wp-block-spacer\"><\/div>\n\n\n\n<h2 class=\"wp-block-heading has-custom-color-1-color has-text-color has-link-color wp-elements-57df1553ba3cfc68c0faa0593ee89522\">Aviso<\/h2>\n\n\n\n<div style=\"height:14px\" aria-hidden=\"true\" class=\"wp-block-spacer\"><\/div>\n\n\n\n<p class=\"has-century-gothic-font-family\">No limite m\u00e1ximo permitido pela lei aplic\u00e1vel, exclu\u00edmos todas as representa\u00e7\u00f5es, garantias e condi\u00e7\u00f5es relacionadas com o nosso site e com a utiliza\u00e7\u00e3o deste site (incluindo, sem limita\u00e7\u00e3o, qualquer garantia impl\u00edcita na lei a respeito de qualidade satisfat\u00f3ria, adequa\u00e7\u00e3o ao prop\u00f3sito e\/ou utiliza\u00e7\u00e3o de cuidado e habilidade razo\u00e1vel).<\/p>\n\n\n\n<div style=\"height:14px\" aria-hidden=\"true\" class=\"wp-block-spacer\"><\/div>\n\n\n\n<h2 class=\"wp-block-heading has-custom-color-1-color has-text-color has-link-color wp-elements-751436405f8c5ac73a9d97400d0a6a9d\">Nada neste aviso ir\u00e1:<\/h2>\n\n\n\n<div style=\"height:14px\" aria-hidden=\"true\" class=\"wp-block-spacer\"><\/div>\n\n\n\n<ul class=\"wp-block-list has-century-gothic-font-family\">\n<li>Limitar ou excluir a nossa ou a sua responsabilidade devido a morte ou les\u00f5es pessoais resultantes de neglig\u00eancia;<\/li>\n\n\n\n<li>Limitar ou excluir a nossa ou a sua responsabilidade por fraude ou declara\u00e7\u00f5es fraudulentas;<\/li>\n\n\n\n<li>Limitar qualquer responsabilidade nossa ou sua de qualquer forma que n\u00e3o seja permitida de acordo com a lei aplic\u00e1vel;<\/li>\n\n\n\n<li>Excluir qualquer das nossas, ou das suas, responsabilidades que n\u00e3o possam ser exclu\u00eddas de acordo com a lei aplic\u00e1vel;<\/li>\n<\/ul>\n\n\n\n<div style=\"height:26px\" aria-hidden=\"true\" class=\"wp-block-spacer\"><\/div>\n\n\n\n<p class=\"has-century-gothic-font-family\">As limita\u00e7\u00f5es e exclus\u00f5es de responsabilidade definidas nesta Sec\u00e7\u00e3o e em outros locais deste aviso est\u00e3o sujeitas ao par\u00e1grafo precedente:<\/p>\n\n\n\n<div style=\"height:19px\" aria-hidden=\"true\" class=\"wp-block-spacer\"><\/div>\n\n\n\n<ul class=\"wp-block-list has-century-gothic-font-family\">\n<li>governam todas as responsabilidades de acordo com este aviso ou em rela\u00e7\u00e3o com a mat\u00e9ria em quest\u00e3o neste aviso, incluindo responsabilidades que surjam em contrato, responsabilidade civil (incluindo neglig\u00eancia) e por qualquer quebra de dever estatut\u00e1rio na medida em que o site, a informa\u00e7\u00e3o e os servi\u00e7os no site s\u00e3o fornecidos sem qualquer custo, n\u00e3o seremos respons\u00e1veis por qualquer perda ou dano de qualquer natureza.<\/li>\n<\/ul>\n\n\n\n<div style=\"height:100px\" aria-hidden=\"true\" class=\"wp-block-spacer\"><\/div>\n","protected":false},"excerpt":{"rendered":"<p>SK8 Bright | Pol\u00edtica de Termos e Condi\u00e7\u00f5es Estes termos e condi\u00e7\u00f5es definem as regras e regulamentos para a utiliza\u00e7\u00e3o do Website SK8 Bright. Ao aceder a este site, presumimos que aceita os termos e condi\u00e7\u00f5es na totalidade. N\u00e3o continue a utilizar o site se n\u00e3o aceitar todos os termos e servi\u00e7os referidos nesta p\u00e1gina. [&hellip;]<\/p>\n","protected":false},"author":1,"featured_media":0,"parent":0,"menu_order":0,"comment_status":"closed","ping_status":"closed","template":"meu","meta":{"footnotes":""},"class_list":["post-982","page","type-page","status-publish","hentry"],"_links":{"self":[{"href":"https:\/\/sk8bright.andreiapeixoto.eu\/pt_pt\/wp-json\/wp\/v2\/pages\/982","targetHints":{"allow":["GET"]}}],"collection":[{"href":"https:\/\/sk8bright.andreiapeixoto.eu\/pt_pt\/wp-json\/wp\/v2\/pages"}],"about":[{"href":"https:\/\/sk8bright.andreiapeixoto.eu\/pt_pt\/wp-json\/wp\/v2\/types\/page"}],"author":[{"embeddable":true,"href":"https:\/\/sk8bright.andreiapeixoto.eu\/pt_pt\/wp-json\/wp\/v2\/users\/1"}],"replies":[{"embeddable":true,"href":"https:\/\/sk8bright.andreiapeixoto.eu\/pt_pt\/wp-json\/wp\/v2\/comments?post=982"}],"version-history":[{"count":19,"href":"https:\/\/sk8bright.andreiapeixoto.eu\/pt_pt\/wp-json\/wp\/v2\/pages\/982\/revisions"}],"predecessor-version":[{"id":6192,"href":"https:\/\/sk8bright.andreiapeixoto.eu\/pt_pt\/wp-json\/wp\/v2\/pages\/982\/revisions\/6192"}],"wp:attachment":[{"href":"https:\/\/sk8bright.andreiapeixoto.eu\/pt_pt\/wp-json\/wp\/v2\/media?parent=982"}],"curies":[{"name":"wp","href":"https:\/\/api.w.org\/{rel}","templated":true}]}}