{"id":5997,"date":"2025-05-11T16:28:31","date_gmt":"2025-05-11T16:28:31","guid":{"rendered":"https:\/\/sk8bright.andreiapeixoto.eu\/?post_type=product&#038;p=5997"},"modified":"2025-05-11T16:56:25","modified_gmt":"2025-05-11T16:56:25","slug":"parafusos-little-buddies-anodized-1","status":"publish","type":"product","link":"https:\/\/sk8bright.andreiapeixoto.eu\/en\/product\/parafusos-little-buddies-anodized-1\/","title":{"rendered":"Little Buddies Anodized 1\u2033 bolts"},"content":{"rendered":"<p><span style=\"font-family: century gothic;\"><strong>Add a touch of rainbow to your skateboard setup with the Enjoi Little Buddies Truck Bolts<\/strong><\/span><\/p>\n<p><span style=\"font-family: century gothic;\">Enjoi brings you a set of truck mounting hardware in super cool anodized rainbow colors.<\/span><\/p>\n<p>&nbsp;<\/p>\n<ul>\n<li style=\"font-family: century gothic;\">1\u2033 long<\/li>\n<\/ul>\n<p>&nbsp;<\/p>\n<ul>\n<li style=\"font-family: century gothic;\">8 screws and nuts included<\/li>\n<\/ul>","protected":false},"excerpt":{"rendered":"<p>D\u00ea um toque de arco-\u00edris \u00e0 sua configura\u00e7\u00e3o de skate com os Enjoi Little Buddies Truck Bolts A Enjoi traz-lhe um conjunto de hardware de montagem de trucks com umas cores de arco-\u00edris anodizadas super fixes. &nbsp; 1&#8243; de comprimento &nbsp; 8 parafusos e porcas inclu\u00eddos<\/p>","protected":false},"featured_media":5999,"comment_status":"open","ping_status":"closed","template":"","meta":[],"product_brand":[],"product_cat":[82],"product_tag":[],"class_list":{"0":"post-5997","1":"product","2":"type-product","3":"status-publish","4":"has-post-thumbnail","6":"product_cat-parafusos-street","8":"first","9":"instock","10":"taxable","11":"shipping-taxable","12":"purchasable","13":"product-type-simple"},"_links":{"self":[{"href":"https:\/\/sk8bright.andreiapeixoto.eu\/en\/wp-json\/wp\/v2\/product\/5997","targetHints":{"allow":["GET"]}}],"collection":[{"href":"https:\/\/sk8bright.andreiapeixoto.eu\/en\/wp-json\/wp\/v2\/product"}],"about":[{"href":"https:\/\/sk8bright.andreiapeixoto.eu\/en\/wp-json\/wp\/v2\/types\/product"}],"replies":[{"embeddable":true,"href":"https:\/\/sk8bright.andreiapeixoto.eu\/en\/wp-json\/wp\/v2\/comments?post=5997"}],"wp:featuredmedia":[{"embeddable":true,"href":"https:\/\/sk8bright.andreiapeixoto.eu\/en\/wp-json\/wp\/v2\/media\/5999"}],"wp:attachment":[{"href":"https:\/\/sk8bright.andreiapeixoto.eu\/en\/wp-json\/wp\/v2\/media?parent=5997"}],"wp:term":[{"taxonomy":"product_brand","embeddable":true,"href":"https:\/\/sk8bright.andreiapeixoto.eu\/en\/wp-json\/wp\/v2\/product_brand?post=5997"},{"taxonomy":"product_cat","embeddable":true,"href":"https:\/\/sk8bright.andreiapeixoto.eu\/en\/wp-json\/wp\/v2\/product_cat?post=5997"},{"taxonomy":"product_tag","embeddable":true,"href":"https:\/\/sk8bright.andreiapeixoto.eu\/en\/wp-json\/wp\/v2\/product_tag?post=5997"}],"curies":[{"name":"wp","href":"https:\/\/api.w.org\/{rel}","templated":true}]}}