{"id":5052,"date":"2025-04-13T09:58:24","date_gmt":"2025-04-13T09:58:24","guid":{"rendered":"https:\/\/sk8bright.andreiapeixoto.eu\/?post_type=product&#038;p=5052"},"modified":"2025-05-21T13:03:19","modified_gmt":"2025-05-21T13:03:19","slug":"tabua-longboard-revolucao","status":"publish","type":"product","link":"https:\/\/sk8bright.andreiapeixoto.eu\/en\/product\/tabua-longboard-revolucao\/","title":{"rendered":"\"Revolution\" longboard board"},"content":{"rendered":"<p><span style=\"color: #fff; font-family: century gothic;\">Composed of 9 layers of 100% Canadian wood, known for its durability and strength. These maple layers are glued together with epoxy resin for a robust and long-lasting construction.<\/span><br \/>\n<br \/>\n<span style=\"font-family: century gothic;\">Copyright of the photographs used: Photograph at the top \u2013 Horacio Novais (FCG Art Library); Photograph in the middle \u2013 Eduardo Gageiro; Photograph below \u2013 Rui Och\u00f4a<\/span><\/p>","protected":false},"excerpt":{"rendered":"<p>Composto por 9 camadas de madeira 100% canadiana, conhecida pela sua durabilidade e resist\u00eancia. Estas camadas de maple s\u0103o coladas com resina de epoxy para uma constru\u00e7\u0103o robusta e duradoura. Direitos de autor das fotografias utilizadas: Fotografia no topo &#8211; Horacio Novais (FCG Biblioteca de Arte); Fotografia no meio &#8211; Eduardo Gageiro; Fotografia em baixo [&hellip;]<\/p>","protected":false},"featured_media":5058,"comment_status":"open","ping_status":"closed","template":"","meta":[],"product_brand":[101],"product_cat":[141],"product_tag":[],"class_list":{"0":"post-5052","1":"product","2":"type-product","3":"status-publish","4":"has-post-thumbnail","6":"product_brand-sk8-bright","7":"product_cat-tabua-longboard","9":"first","10":"instock","11":"taxable","12":"shipping-taxable","13":"purchasable","14":"product-type-variable"},"_links":{"self":[{"href":"https:\/\/sk8bright.andreiapeixoto.eu\/en\/wp-json\/wp\/v2\/product\/5052","targetHints":{"allow":["GET"]}}],"collection":[{"href":"https:\/\/sk8bright.andreiapeixoto.eu\/en\/wp-json\/wp\/v2\/product"}],"about":[{"href":"https:\/\/sk8bright.andreiapeixoto.eu\/en\/wp-json\/wp\/v2\/types\/product"}],"replies":[{"embeddable":true,"href":"https:\/\/sk8bright.andreiapeixoto.eu\/en\/wp-json\/wp\/v2\/comments?post=5052"}],"wp:featuredmedia":[{"embeddable":true,"href":"https:\/\/sk8bright.andreiapeixoto.eu\/en\/wp-json\/wp\/v2\/media\/5058"}],"wp:attachment":[{"href":"https:\/\/sk8bright.andreiapeixoto.eu\/en\/wp-json\/wp\/v2\/media?parent=5052"}],"wp:term":[{"taxonomy":"product_brand","embeddable":true,"href":"https:\/\/sk8bright.andreiapeixoto.eu\/en\/wp-json\/wp\/v2\/product_brand?post=5052"},{"taxonomy":"product_cat","embeddable":true,"href":"https:\/\/sk8bright.andreiapeixoto.eu\/en\/wp-json\/wp\/v2\/product_cat?post=5052"},{"taxonomy":"product_tag","embeddable":true,"href":"https:\/\/sk8bright.andreiapeixoto.eu\/en\/wp-json\/wp\/v2\/product_tag?post=5052"}],"curies":[{"name":"wp","href":"https:\/\/api.w.org\/{rel}","templated":true}]}}