{"id":3436,"date":"2025-02-15T14:47:23","date_gmt":"2025-02-15T14:47:23","guid":{"rendered":"https:\/\/sk8bright.andreiapeixoto.eu\/?post_type=product&#038;p=3436"},"modified":"2025-02-19T13:21:16","modified_gmt":"2025-02-19T13:21:16","slug":"parafusos-allen-key","status":"publish","type":"product","link":"https:\/\/sk8bright.andreiapeixoto.eu\/en\/product\/parafusos-allen-key\/","title":{"rendered":"Allen Key bolts 7\/8\u2033"},"content":{"rendered":"<p><span style=\"font-family: century gothic;\"><strong>Wrench screws + wrench for your skateboard setup<\/strong><\/span><\/p>\n<p><span style=\"font-family: century gothic;\">Primitive's Allen Wrench Screw Set is a must-have replacement set for serious skateboarding. Includes all necessary hardware for quick on-site repair.<\/span><\/p>\n<p><span style=\"font-family: century gothic;\"><strong>Included:<\/strong><br \/>\n8 black 7\/8\" screws<br \/>\n1x 7\/8\" golden screw<br \/>\n1x Allen wrench tool for installation<br \/>\n1x Primitive sticker to show your support<\/span><\/p>","protected":false},"excerpt":{"rendered":"<p>Parafusos de chave inglesa + chave inglesa para a configura\u00e7\u00e3o do seu skate O conjunto de parafusos com chave Allen da Primitive \u00e9 um conjunto de substitui\u00e7\u00e3o obrigat\u00f3rio para o skate s\u00e9rio. Inclui todo o hardware necess\u00e1rio para uma repara\u00e7\u00e3o r\u00e1pida no local. Inclu\u00eddo: 8 parafusos pretos de 7\/8 1x parafuso dourado de 7\/8 1x [&hellip;]<\/p>","protected":false},"featured_media":3437,"comment_status":"open","ping_status":"closed","template":"","meta":[],"product_brand":[],"product_cat":[82],"product_tag":[],"class_list":{"0":"post-3436","1":"product","2":"type-product","3":"status-publish","4":"has-post-thumbnail","6":"product_cat-parafusos-street","8":"first","9":"instock","10":"taxable","11":"shipping-taxable","12":"purchasable","13":"product-type-simple"},"_links":{"self":[{"href":"https:\/\/sk8bright.andreiapeixoto.eu\/en\/wp-json\/wp\/v2\/product\/3436","targetHints":{"allow":["GET"]}}],"collection":[{"href":"https:\/\/sk8bright.andreiapeixoto.eu\/en\/wp-json\/wp\/v2\/product"}],"about":[{"href":"https:\/\/sk8bright.andreiapeixoto.eu\/en\/wp-json\/wp\/v2\/types\/product"}],"replies":[{"embeddable":true,"href":"https:\/\/sk8bright.andreiapeixoto.eu\/en\/wp-json\/wp\/v2\/comments?post=3436"}],"wp:featuredmedia":[{"embeddable":true,"href":"https:\/\/sk8bright.andreiapeixoto.eu\/en\/wp-json\/wp\/v2\/media\/3437"}],"wp:attachment":[{"href":"https:\/\/sk8bright.andreiapeixoto.eu\/en\/wp-json\/wp\/v2\/media?parent=3436"}],"wp:term":[{"taxonomy":"product_brand","embeddable":true,"href":"https:\/\/sk8bright.andreiapeixoto.eu\/en\/wp-json\/wp\/v2\/product_brand?post=3436"},{"taxonomy":"product_cat","embeddable":true,"href":"https:\/\/sk8bright.andreiapeixoto.eu\/en\/wp-json\/wp\/v2\/product_cat?post=3436"},{"taxonomy":"product_tag","embeddable":true,"href":"https:\/\/sk8bright.andreiapeixoto.eu\/en\/wp-json\/wp\/v2\/product_tag?post=3436"}],"curies":[{"name":"wp","href":"https:\/\/api.w.org\/{rel}","templated":true}]}}