{"id":2831,"date":"2025-01-30T16:53:28","date_gmt":"2025-01-30T16:53:28","guid":{"rendered":"https:\/\/sk8bright.andreiapeixoto.eu\/?post_type=product&#038;p=2831"},"modified":"2025-01-31T11:47:31","modified_gmt":"2025-01-31T11:47:31","slug":"rolamentos-bones-big-balls-reds-8-pack","status":"publish","type":"product","link":"https:\/\/sk8bright.andreiapeixoto.eu\/en\/product\/rolamentos-bones-big-balls-reds-8-pack\/","title":{"rendered":"Bones\u00ae BIG BALLS\u00ae REDS\u00ae bearings 8 pack"},"content":{"rendered":"<pre id=\"tw-target-text\" class=\"tw-data-text tw-text-large tw-ta\" dir=\"ltr\" data-placeholder=\"Tradu\u00e7\u00e3o\" data-ved=\"2ahUKEwj3lrSCp52LAxWbTKQEHf_UE9oQ3ewLegQIBRAV\" aria-label=\"Texto traduzido: BIG BALLS\u00ae, o mais novo membro da nossa fam\u00edlia REDS. BIG BALLS s\u00e3o projetadas para rolar mais r\u00e1pido e durar mais usando 6 bolas 17% maiores, como nossos lend\u00e1rios rolamentos Bones Super Swiss 6. Essas bolas maiores permitem que voc\u00ea role mais r\u00e1pido e continue rolando pela sujeira que retarda as bolas menores. Isso faz do BIG BALLS uma \u00f3tima op\u00e7\u00e3o para patinadores que buscam mais velocidade e maior vida \u00fatil em seus rolamentos. Os skatistas fizeram da fam\u00edlia de rolamentos Bones REDS sua escolha n\u00famero 1 devido \u00e0 qualidade, velocidade, durabilidade e valor consistentes. DETALHES Maior velocidade m\u00e1xima Maior for\u00e7a Vida mais longa Limpeza f\u00e1cil Peso leve Design Skate Rated\u2122 CONTE\u00daDO Conjunto de 8 rolamentos Instru\u00e7\u00f5es Adesivo\"><span style=\"font-family: century gothic;\">BIG BALLS are designed to spin faster and last longer using 6 balls that are 17% larger, \nlike our legendary Bones Super Swiss 6 bearings. These larger balls allow you \nspin faster. This makes BIG BALLS a great option for skaters looking for more \nspeed and longer life in your bearings.\r\n\r\n<strong>DETAILS<\/strong>\r\nHigher maximum speed\nGreater strength\nLonger life\nEasy cleaning\nLight weight\nDesign Skate Rated\u2122\r\n<strong>CONTENT<\/strong>\r\nSet of 8 bearings\nInstructions\nSticker<\/span><\/pre>","protected":false},"excerpt":{"rendered":"<p>BIG BALLS s\u00e3o projetadas para girar mais r\u00e1pido e durar mais usando 6 bolas 17% maiores, como os nossos lend\u00e1rios rolamentos Bones Super Swiss 6. Essas bolas maiores permitem que gires mais r\u00e1pido. Isso faz do BIG BALLS uma \u00f3tima op\u00e7\u00e3o para patinadores que buscam mais velocidade e maior vida \u00fatil em seus rolamentos. DETALHES [&hellip;]<\/p>","protected":false},"featured_media":2834,"comment_status":"open","ping_status":"closed","template":"","meta":[],"product_brand":[],"product_cat":[70],"product_tag":[],"class_list":{"0":"post-2831","1":"product","2":"type-product","3":"status-publish","4":"has-post-thumbnail","6":"product_cat-rolamentos-longboard","8":"first","9":"instock","10":"taxable","11":"shipping-taxable","12":"purchasable","13":"product-type-simple"},"_links":{"self":[{"href":"https:\/\/sk8bright.andreiapeixoto.eu\/en\/wp-json\/wp\/v2\/product\/2831","targetHints":{"allow":["GET"]}}],"collection":[{"href":"https:\/\/sk8bright.andreiapeixoto.eu\/en\/wp-json\/wp\/v2\/product"}],"about":[{"href":"https:\/\/sk8bright.andreiapeixoto.eu\/en\/wp-json\/wp\/v2\/types\/product"}],"replies":[{"embeddable":true,"href":"https:\/\/sk8bright.andreiapeixoto.eu\/en\/wp-json\/wp\/v2\/comments?post=2831"}],"wp:featuredmedia":[{"embeddable":true,"href":"https:\/\/sk8bright.andreiapeixoto.eu\/en\/wp-json\/wp\/v2\/media\/2834"}],"wp:attachment":[{"href":"https:\/\/sk8bright.andreiapeixoto.eu\/en\/wp-json\/wp\/v2\/media?parent=2831"}],"wp:term":[{"taxonomy":"product_brand","embeddable":true,"href":"https:\/\/sk8bright.andreiapeixoto.eu\/en\/wp-json\/wp\/v2\/product_brand?post=2831"},{"taxonomy":"product_cat","embeddable":true,"href":"https:\/\/sk8bright.andreiapeixoto.eu\/en\/wp-json\/wp\/v2\/product_cat?post=2831"},{"taxonomy":"product_tag","embeddable":true,"href":"https:\/\/sk8bright.andreiapeixoto.eu\/en\/wp-json\/wp\/v2\/product_tag?post=2831"}],"curies":[{"name":"wp","href":"https:\/\/api.w.org\/{rel}","templated":true}]}}