{"id":2763,"date":"2025-01-30T11:04:57","date_gmt":"2025-01-30T11:04:57","guid":{"rendered":"https:\/\/sk8bright.andreiapeixoto.eu\/?post_type=product&#038;p=2763"},"modified":"2025-01-30T14:34:27","modified_gmt":"2025-01-30T14:34:27","slug":"rolamentos-bones-swiss-8mm-16-pack","status":"publish","type":"product","link":"https:\/\/sk8bright.andreiapeixoto.eu\/en\/product\/rolamentos-bones-swiss-8mm-16-pack\/","title":{"rendered":"Bones\u00ae Swiss bearings 8mm 16 pack"},"content":{"rendered":"<p id=\"tw-target-text\" class=\"tw-data-text tw-text-large tw-ta\" dir=\"ltr\" data-placeholder=\"Tradu\u00e7\u00e3o\" data-ved=\"2ahUKEwj3lrSCp52LAxWbTKQEHf_UE9oQ3ewLegQIBRAV\" aria-label=\"Legendary Original Swiss Bones\u00ae Bearings are the ideal combination of Bones Skate Rated\u2122 design and Swiss precision manufacturing, creating the standard by which all other bearings are measured. For over 36 years, it has been preferred by the best professional skateboarders in the world. Proven, professional competition-grade speed and durability mean Bone Swiss typically last several times longer than standard ABEC-rated bearings. Made in Switzerland.\"><span style=\"font-family: century gothic;\">Legendary Original Swiss Bones\u00ae Bearings are the ideal combination of Bones Skate Rated\u2122 design and Swiss precision manufacturing, creating the standard by which all other bearings are measured. For over 36 years, it has been preferred by the best professional skateboarders in the world. Proven, professional competition-grade speed and durability mean Bone Swiss typically last several times longer than standard ABEC-rated bearings. Made in Switzerland.<\/span><\/p>\n<pre id=\"tw-target-text\" class=\"tw-data-text tw-text-large tw-ta\" dir=\"ltr\" data-placeholder=\"Tradu\u00e7\u00e3o\" data-ved=\"2ahUKEwj3lrSCp52LAxWbTKQEHf_UE9oQ3ewLegQIBRAV\" aria-label=\"Texto traduzido: Caracter\u00edsticas A prote\u00e7\u00e3o de borracha \u00fanica, remov\u00edvel e sem contato permite f\u00e1cil limpeza e baixo atrito. O retentor de esfera de n\u00e1ilon de alta velocidade proporciona maior resist\u00eancia e velocidade. Pr\u00e9-lubrificado com lubrificante de corrida Speed \u200b\u200bCream Classifica\u00e7\u00e3o de skate; folgas, toler\u00e2ncias, materiais e lubrificantes proporcionam o melhor desempenho e durabilidade poss\u00edveis. Rolamento de skate de alta qualidade mais vendido nos EUA. Conte\u00fado Conjunto de 16 rolamentos Instru\u00e7\u00f5es Adesivo\"><span style=\"font-family: century gothic;\"><strong>Features<\/strong>\r\nUnique, removable, non-contact rubber guard allows for easy cleaning and low friction.\nHigh speed nylon ball seal provides increased strength and speed.\nPre-lubricated with Speed \u200b\u200b\u200b\u200bCream racing lubricant\nSkate classification; clearances, tolerances, materials and lubricants provide the\nbest possible performance and durability.\nTop selling high quality skateboard bearing in the USA. \r\n<strong>Content<\/strong> \r\nSet of 16 bearings\nInstructions\nSticker<\/span><\/pre>","protected":false},"excerpt":{"rendered":"<p>Os lend\u00e1rios rolamentos su\u00ed\u00e7os originais Bones\u00ae s\u00e3o a combina\u00e7\u00e3o ideal do design Bones Skate Rated\u2122 e da fabrica\u00e7\u00e3o de precis\u00e3o su\u00ed\u00e7a, criando o padr\u00e3o pelo qual todos os outros rolamentos s\u00e3o medidos. H\u00e1 mais de 36 anos preferido pelos melhores patinadores profissionais do mundo. A velocidade e a durabilidade comprovadas e de n\u00edvel de competi\u00e7\u00e3o [&hellip;]<\/p>","protected":false},"featured_media":2765,"comment_status":"open","ping_status":"closed","template":"","meta":[],"product_brand":[],"product_cat":[66],"product_tag":[],"class_list":{"0":"post-2763","1":"product","2":"type-product","3":"status-publish","4":"has-post-thumbnail","6":"product_cat-rolamentos","8":"first","9":"instock","10":"taxable","11":"shipping-taxable","12":"purchasable","13":"product-type-simple"},"_links":{"self":[{"href":"https:\/\/sk8bright.andreiapeixoto.eu\/en\/wp-json\/wp\/v2\/product\/2763","targetHints":{"allow":["GET"]}}],"collection":[{"href":"https:\/\/sk8bright.andreiapeixoto.eu\/en\/wp-json\/wp\/v2\/product"}],"about":[{"href":"https:\/\/sk8bright.andreiapeixoto.eu\/en\/wp-json\/wp\/v2\/types\/product"}],"replies":[{"embeddable":true,"href":"https:\/\/sk8bright.andreiapeixoto.eu\/en\/wp-json\/wp\/v2\/comments?post=2763"}],"wp:featuredmedia":[{"embeddable":true,"href":"https:\/\/sk8bright.andreiapeixoto.eu\/en\/wp-json\/wp\/v2\/media\/2765"}],"wp:attachment":[{"href":"https:\/\/sk8bright.andreiapeixoto.eu\/en\/wp-json\/wp\/v2\/media?parent=2763"}],"wp:term":[{"taxonomy":"product_brand","embeddable":true,"href":"https:\/\/sk8bright.andreiapeixoto.eu\/en\/wp-json\/wp\/v2\/product_brand?post=2763"},{"taxonomy":"product_cat","embeddable":true,"href":"https:\/\/sk8bright.andreiapeixoto.eu\/en\/wp-json\/wp\/v2\/product_cat?post=2763"},{"taxonomy":"product_tag","embeddable":true,"href":"https:\/\/sk8bright.andreiapeixoto.eu\/en\/wp-json\/wp\/v2\/product_tag?post=2763"}],"curies":[{"name":"wp","href":"https:\/\/api.w.org\/{rel}","templated":true}]}}