{"id":982,"date":"2024-12-21T18:49:10","date_gmt":"2024-12-21T18:49:10","guid":{"rendered":"https:\/\/sk8bright.andreiapeixoto.eu\/?page_id=982"},"modified":"2025-04-19T18:38:04","modified_gmt":"2025-04-19T18:38:04","slug":"termos-e-condicoes","status":"publish","type":"page","link":"https:\/\/sk8bright.andreiapeixoto.eu\/en\/termos-e-condicoes\/","title":{"rendered":"Terms and conditions"},"content":{"rendered":"<h2 class=\"wp-block-heading\" id=\"nome-da-loja-pol\u00edtica-de-termos-e-condi\u00e7\u00f5es\">SK8 Bright | Terms and Conditions Policy<\/h2>\n\n\n\n<div style=\"height:14px\" aria-hidden=\"true\" class=\"wp-block-spacer\"><\/div>\n\n\n\n<p class=\"has-custom-color-1-color has-text-color has-link-color has-designer-font-family wp-elements-eb582fd8b3cd5c18f72aee5e68abe81a\">These terms and conditions outline the rules and regulations for the use of the SK8 Bright Website.<\/p>\n\n\n\n<div style=\"height:14px\" aria-hidden=\"true\" class=\"wp-block-spacer\"><\/div>\n\n\n\n<p class=\"has-century-gothic-font-family\">By accessing this website, we assume that you accept these terms and conditions in full. Do not continue to use the website if you do not accept all terms and services mentioned on this page.<\/p>\n\n\n\n<p class=\"has-century-gothic-font-family\">The following terminology applies to these Terms and Conditions, Privacy Statement and Disclaimer Notice, as well as any and all Agreements:&nbsp;<strong>Client<\/strong>,&nbsp;<strong>You<\/strong>&nbsp;and&nbsp;<strong>Yours<\/strong>&nbsp;refer to you, the person accessing this website to accept the Company's terms and conditions.&nbsp;<strong>The Company<\/strong>,&nbsp;<strong>Us<\/strong>&nbsp;and&nbsp;<strong>Ours<\/strong>, refer to our Company.&nbsp;<strong>Entity<\/strong>,&nbsp;<strong>Entities<\/strong>, or&nbsp;<strong>Us<\/strong>, refer to both the Customer and us, or just the customer or us.<\/p>\n\n\n\n<p class=\"has-century-gothic-font-family\">All terms refer to the offer, acceptance and consideration of payment necessary to undertake the process of our assistance to the Client in the most appropriate manner, whether by formal meetings of a fixed duration, or any other means, for the express purpose of meeting the Client's needs in respect of provision of the Company's services\/products.<\/p>\n\n\n\n<p class=\"has-century-gothic-font-family\">Any use of the above terminology or other words in the singular, plural, capitalized\/lowercase and\/or he\/she or they, are taken as interchangeable and therefore as referring to the same.<\/p>\n\n\n\n<div style=\"height:14px\" aria-hidden=\"true\" class=\"wp-block-spacer\"><\/div>\n\n\n\n<h2 class=\"wp-block-heading has-custom-color-1-color has-text-color has-link-color has-x-large-font-size wp-elements-9cfcac08d45657f657c3f3a6c349394a\">Cookies<\/h2>\n\n\n\n<div style=\"height:14px\" aria-hidden=\"true\" class=\"wp-block-spacer\"><\/div>\n\n\n\n<p class=\"has-century-gothic-font-family\">We use cookies. By using the SK8 Bright website you consent to the use of cookies in accordance with SK8 Bright's privacy policy. Most of today's interactive web sites use cookies to enable us to retrieve user details for each visit.<\/p>\n\n\n\n<p class=\"has-century-gothic-font-family\">Cookies are used in some areas of our site to enable the functionality of this area and ease of use for those visitors. Some of our affiliates\/advertising partners may also use cookies.<\/p>\n\n\n\n<div style=\"height:14px\" aria-hidden=\"true\" class=\"wp-block-spacer\"><\/div>\n\n\n\n<h2 class=\"wp-block-heading has-custom-color-1-color has-text-color has-link-color wp-elements-a6bb614840cff87c356bcbb65d8f3b1d\">License<\/h2>\n\n\n\n<div style=\"height:14px\" aria-hidden=\"true\" class=\"wp-block-spacer\"><\/div>\n\n\n\n<p class=\"has-century-gothic-font-family\">Unless otherwise noted, SK8 Bright and\/or its licensors own the intellectual property rights for all of our material.<\/p>\n\n\n\n<p class=\"has-century-gothic-font-family\">All intellectual property rights are reserved. You may view and\/or print pages from SK8 Bright for your personal use subject to restrictions set in these terms and conditions<\/p>\n\n\n\n<div style=\"height:14px\" aria-hidden=\"true\" class=\"wp-block-spacer\"><\/div>\n\n\n\n<h2 class=\"wp-block-heading has-custom-color-1-color has-text-color has-link-color wp-elements-9d53388086a8fd45acc83b356c8ed3c8\">You must not:<\/h2>\n\n\n\n<div style=\"height:14px\" aria-hidden=\"true\" class=\"wp-block-spacer\"><\/div>\n\n\n\n<ul class=\"wp-block-list has-century-gothic-font-family\">\n<li>Sell, rent or sublicense material from SK8 Bright.<\/li>\n\n\n\n<li>Reproduce, duplicate or copy material from SK8 Bright.<\/li>\n\n\n\n<li>Redistribute content from SK8 Bright.<\/li>\n<\/ul>\n\n\n\n<div style=\"height:14px\" aria-hidden=\"true\" class=\"wp-block-spacer\"><\/div>\n\n\n\n<h2 class=\"wp-block-heading has-custom-color-1-color has-text-color has-link-color wp-elements-57df1553ba3cfc68c0faa0593ee89522\">Warning<\/h2>\n\n\n\n<div style=\"height:14px\" aria-hidden=\"true\" class=\"wp-block-spacer\"><\/div>\n\n\n\n<p class=\"has-century-gothic-font-family\">To the maximum extent permitted by applicable law, we exclude all representations, warranties and conditions relating to our website and the use of this website (including, without limitation, any warranties implied by law in respect of satisfactory quality, fitness for purpose and\/or the use of reasonable care and skill)<\/p>\n\n\n\n<div style=\"height:14px\" aria-hidden=\"true\" class=\"wp-block-spacer\"><\/div>\n\n\n\n<h2 class=\"wp-block-heading has-custom-color-1-color has-text-color has-link-color wp-elements-751436405f8c5ac73a9d97400d0a6a9d\">Nothing in this warning will:<\/h2>\n\n\n\n<div style=\"height:14px\" aria-hidden=\"true\" class=\"wp-block-spacer\"><\/div>\n\n\n\n<ul class=\"wp-block-list has-century-gothic-font-family\">\n<li>Limit or exclude our or your liability for death or personal injury resulting from negligence;<\/li>\n\n\n\n<li>Limit or exclude our or your liability for fraud or fraudulent misrepresentation;<\/li>\n\n\n\n<li>Limit any of our or your liability in any way that is not permitted under applicable law;<\/li>\n\n\n\n<li>Exclude any of our or your liabilities that may not be excluded under applicable law;<\/li>\n<\/ul>\n\n\n\n<div style=\"height:26px\" aria-hidden=\"true\" class=\"wp-block-spacer\"><\/div>\n\n\n\n<p class=\"has-century-gothic-font-family\">The limitations and exclusions of liability set out in this Section and elsewhere in this disclaimer are subject to the preceding paragraph:<\/p>\n\n\n\n<div style=\"height:19px\" aria-hidden=\"true\" class=\"wp-block-spacer\"><\/div>\n\n\n\n<ul class=\"wp-block-list has-century-gothic-font-family\">\n<li>govern all liabilities under this notice or in relation to the subject matter in this notice, including liabilities arising in contract, tort (including negligence) and for any breach of statutory duty to the extent that the website, information and services on the website are provided free of charge, we will not be liable for any loss or damage of any nature.<\/li>\n<\/ul>\n\n\n\n<div style=\"height:100px\" aria-hidden=\"true\" class=\"wp-block-spacer\"><\/div>","protected":false},"excerpt":{"rendered":"<p>SK8 Bright | Pol\u00edtica de Termos e Condi\u00e7\u00f5es Estes termos e condi\u00e7\u00f5es definem as regras e regulamentos para a utiliza\u00e7\u00e3o do Website SK8 Bright. Ao aceder a este site, presumimos que aceita os termos e condi\u00e7\u00f5es na totalidade. N\u00e3o continue a utilizar o site se n\u00e3o aceitar todos os termos e servi\u00e7os referidos nesta p\u00e1gina. [&hellip;]<\/p>","protected":false},"author":1,"featured_media":0,"parent":0,"menu_order":0,"comment_status":"closed","ping_status":"closed","template":"meu","meta":{"footnotes":""},"class_list":["post-982","page","type-page","status-publish","hentry"],"_links":{"self":[{"href":"https:\/\/sk8bright.andreiapeixoto.eu\/en\/wp-json\/wp\/v2\/pages\/982","targetHints":{"allow":["GET"]}}],"collection":[{"href":"https:\/\/sk8bright.andreiapeixoto.eu\/en\/wp-json\/wp\/v2\/pages"}],"about":[{"href":"https:\/\/sk8bright.andreiapeixoto.eu\/en\/wp-json\/wp\/v2\/types\/page"}],"author":[{"embeddable":true,"href":"https:\/\/sk8bright.andreiapeixoto.eu\/en\/wp-json\/wp\/v2\/users\/1"}],"replies":[{"embeddable":true,"href":"https:\/\/sk8bright.andreiapeixoto.eu\/en\/wp-json\/wp\/v2\/comments?post=982"}],"version-history":[{"count":19,"href":"https:\/\/sk8bright.andreiapeixoto.eu\/en\/wp-json\/wp\/v2\/pages\/982\/revisions"}],"predecessor-version":[{"id":6192,"href":"https:\/\/sk8bright.andreiapeixoto.eu\/en\/wp-json\/wp\/v2\/pages\/982\/revisions\/6192"}],"wp:attachment":[{"href":"https:\/\/sk8bright.andreiapeixoto.eu\/en\/wp-json\/wp\/v2\/media?parent=982"}],"curies":[{"name":"wp","href":"https:\/\/api.w.org\/{rel}","templated":true}]}}