{"id":957,"date":"2024-12-21T15:25:32","date_gmt":"2024-12-21T15:25:32","guid":{"rendered":"https:\/\/sk8bright.andreiapeixoto.eu\/?page_id=957"},"modified":"2025-03-14T13:02:17","modified_gmt":"2025-03-14T13:02:17","slug":"contactos","status":"publish","type":"page","link":"https:\/\/sk8bright.andreiapeixoto.eu\/en\/contactos\/","title":{"rendered":"Contact form"},"content":{"rendered":"<p class=\"has-custom-color-1-color has-text-color has-link-color has-designer-font-family has-x-large-font-size wp-elements-37bce89f467c2ee5a6774989a4c99976\">Contact form<\/p>\n\n\n<div class=\"wp-block-kadence-advanced-form wp-block-kadence-advanced-form3078-cpt-id kb-adv-form-label-style-normal kb-adv-form-input-size-standard kb-form-basic-style kb-form-has-background wp-block-kadence-advanced-form\"><form id=\"kb-adv-form-3078-cpt-id\" class=\"kb-advanced-form\" method=\"post\" data-error-message=\"Por favor corrige os erros para prosseguir\" action=\"\">\n<div class=\"kb-row-layout-wrap kb-row-layout-id957_f20a06-7a alignnone wp-block-kadence-rowlayout\"><div class=\"kt-row-column-wrap kt-has-2-columns kt-row-layout-equal kt-tab-layout-inherit kt-mobile-layout-row kt-row-valign-top\">\n\n<div class=\"wp-block-kadence-column kadence-column957_801fc4-2b\"><div class=\"kt-inside-inner-col\"><div class=\"kb-adv-form-field kb-adv-form-text-type-input kb-adv-form-infield-type-input kb-field3078e29fbd-e2 wp-block-kadence-advanced-form-text\"><label class=\"kb-adv-form-label\" for=\"field3078e29fbd-e2\">Full name<span class=\"kb-adv-form-required\">*<\/span><\/label><input name=\"fielde29fbd-e2\" id=\"field3078e29fbd-e2\" data-label=\"Nome completo\" type=\"text\" placeholder=\"\" value=\"\" data-type=\"text\" class=\"kb-field kb-text-field\" data-required=\"yes\" required aria-required=\"true\"\/><\/div><\/div><\/div>\n\n\n\n<div class=\"wp-block-kadence-column kadence-column957_d863a9-2e\"><div class=\"kt-inside-inner-col\"><div class=\"kb-adv-form-field kb-adv-form-text-type-input kb-adv-form-infield-type-input kb-field30788c834d-8c wp-block-kadence-advanced-form-email\"><label class=\"kb-adv-form-label\" for=\"field30788c834d-8c\">Email<span class=\"kb-adv-form-required\">*<\/span><\/label><input name=\"field8c834d-8c\" id=\"field30788c834d-8c\" data-label=\"Email\" type=\"email\" placeholder=\"\" value=\"\" data-type=\"email\" class=\"kb-field kb-email-field\" data-required=\"yes\" required aria-required=\"true\"\/><\/div><\/div><\/div>\n\n<\/div><\/div>\n\n<div class=\"kb-adv-form-field kb-adv-form-text-type-input kb-adv-form-infield-type-input kb-field30784cb886-9c wp-block-kadence-advanced-form-textarea\"><label class=\"kb-adv-form-label\" for=\"field30784cb886-9c\">Message<span class=\"kb-adv-form-required\">*<\/span><\/label><textarea name=\"field4cb886-9c\" id=\"field30784cb886-9c\" rows=\"3\"  data-label=\"Mensagem\" placeholder=\"\" data-type=\"textarea\" class=\"kb-field kb-textarea-field\" data-required=\"yes\" required aria-required=\"true\"><\/textarea><\/div>\n\n<div class=\"kb-adv-form-field kb-adv-form-file-type-input kb-adv-form-infield-type-input kb-field30786332ca-96 wp-block-kadence-advanced-form-file\"><input name=\"field6332ca-96[]\" id=\"field30786332ca-96\" data-label=\"\" type=\"file\" placeholder=\"\" value=\"\" data-type=\"file\" class=\"kb-field kb-file-field\" data-required=\"no\"  multiple><\/div>\n\n<div class=\"kb-adv-form-field kb-submit-field kb-field86e14e-45 wp-block-kadence-advanced-form-submit\"><button class=\"kb-button kt-button button kb-adv-form-submit-button kb-btn86e14e-45 kt-btn-size-standard kt-btn-width-type-auto kb-btn-global-fill kt-btn-has-text-true kt-btn-has-svg-false\" type=\"submit\"><span class=\"kt-btn-inner-text\">Submit<\/span><\/button><\/div>\n<input type=\"hidden\" name=\"_kb_adv_form_post_id\" value=\"3078\"><input type=\"hidden\" name=\"action\" value=\"kb_process_advanced_form_submit\"><input type=\"hidden\" name=\"_kb_adv_form_id\" value=\"3078-cpt-id\"><input type=\"hidden\" name=\"trp-form-language\" value=\"en\"\/><\/form><\/div>\n\n\n<div style=\"height:51px\" aria-hidden=\"true\" class=\"wp-block-spacer\"><\/div>\n\n\n\n<div style=\"height:68px\" aria-hidden=\"true\" class=\"wp-block-spacer\"><\/div>\n\n\n\n<p class=\"has-base-2-color has-text-color has-link-color has-designer-font-family wp-elements-ee5ab6016c36f70e51af0caed9b7db14\">You can also visit our <a href=\"https:\/\/sk8bright.andreiapeixoto.eu\/en\/termos-e-condicoes\/\" data-type=\"page\" data-id=\"982\">terms and conditions<\/a> and our <a href=\"https:\/\/sk8bright.andreiapeixoto.eu\/en\/refund_returns\/\" data-type=\"page\" data-id=\"48\">privacy policy<\/a> for further clarification.<\/p>\n\n\n\n<div style=\"height:100px\" aria-hidden=\"true\" class=\"wp-block-spacer\"><\/div>","protected":false},"excerpt":{"rendered":"<p>Formul\u00e1rio de contacto Podes tamb\u00e9m visitar os nossos termos e condi\u00e7\u00f5es e a nossa pol\u00edtica de reembolso e devolu\u00e7\u00f5es para maior esclarecimento de d\u00favidas.<\/p>","protected":false},"author":1,"featured_media":0,"parent":0,"menu_order":0,"comment_status":"closed","ping_status":"closed","template":"meu","meta":{"footnotes":""},"class_list":["post-957","page","type-page","status-publish","hentry"],"_links":{"self":[{"href":"https:\/\/sk8bright.andreiapeixoto.eu\/en\/wp-json\/wp\/v2\/pages\/957","targetHints":{"allow":["GET"]}}],"collection":[{"href":"https:\/\/sk8bright.andreiapeixoto.eu\/en\/wp-json\/wp\/v2\/pages"}],"about":[{"href":"https:\/\/sk8bright.andreiapeixoto.eu\/en\/wp-json\/wp\/v2\/types\/page"}],"author":[{"embeddable":true,"href":"https:\/\/sk8bright.andreiapeixoto.eu\/en\/wp-json\/wp\/v2\/users\/1"}],"replies":[{"embeddable":true,"href":"https:\/\/sk8bright.andreiapeixoto.eu\/en\/wp-json\/wp\/v2\/comments?post=957"}],"version-history":[{"count":30,"href":"https:\/\/sk8bright.andreiapeixoto.eu\/en\/wp-json\/wp\/v2\/pages\/957\/revisions"}],"predecessor-version":[{"id":4082,"href":"https:\/\/sk8bright.andreiapeixoto.eu\/en\/wp-json\/wp\/v2\/pages\/957\/revisions\/4082"}],"wp:attachment":[{"href":"https:\/\/sk8bright.andreiapeixoto.eu\/en\/wp-json\/wp\/v2\/media?parent=957"}],"curies":[{"name":"wp","href":"https:\/\/api.w.org\/{rel}","templated":true}]}}