{"id":2124,"date":"2025-01-16T15:38:16","date_gmt":"2025-01-16T15:38:16","guid":{"rendered":"https:\/\/sk8bright.andreiapeixoto.eu\/?page_id=2124"},"modified":"2025-06-24T22:27:17","modified_gmt":"2025-06-24T22:27:17","slug":"reciclar-o-meu-produto","status":"publish","type":"page","link":"https:\/\/sk8bright.andreiapeixoto.eu\/en\/reciclar-o-meu-produto\/","title":{"rendered":"Recycle my product"},"content":{"rendered":"<div class=\"wp-block-group alignwide is-content-justification-center is-nowrap is-layout-flex wp-container-core-group-is-layout-23441af8 wp-block-group-is-layout-flex\">\n<div class=\"wp-block-group is-vertical is-layout-flex wp-container-core-group-is-layout-dc524bf2 wp-block-group-is-layout-flex\" style=\"padding-right:var(--wp--preset--spacing--50)\">\n<h4 class=\"wp-block-heading has-text-align-left\" style=\"margin-bottom:0\">Recycle my product<\/h4>\n\n\n\n<p class=\"has-text-align-left has-medium-font-size\" style=\"margin-bottom:var(--wp--preset--spacing--30)\">According to the brand's purpose, this form helps us form a strong commitment with sustainability and reuse, promoting social responsibility through recycling.<\/p>\n<\/div>\n\n\n\n<div class=\"wp-block-group is-vertical is-content-justification-left is-layout-flex wp-container-core-group-is-layout-94810972 wp-block-group-is-layout-flex\" style=\"margin-bottom:var(--wp--preset--spacing--30)\">\n<h4 class=\"wp-block-heading\" style=\"margin-bottom:0;font-size:clamp(0.984rem, 0.984rem + ((1vw - 0.2rem) * 0.86), 1.5rem);\">How does it work?<\/h4>\n\n\n\n<p class=\"has-medium-font-size\"><strong>If you want to get a discount in our store and you have a product that you no longer use (valid for complete sk8, board, trucks, wheels and bearings), this form is for you:<\/strong> You just have to appropriately fill the parameters and you will receive a response from us within 5 working days.<\/p>\n<\/div>\n<\/div>\n\n\n\n<h2 class=\"wp-block-heading\">Is it worth it?<\/h2>\n\n\n\n<p style=\"margin-bottom:var(--wp--preset--spacing--10)\"><strong>If you have a product in bad condition<\/strong>: It will be useful for arts and small decorations, but will probably have many damaged or broken parts \u2192 Your discount varies between <strong>15% to 20%<\/strong>.<\/p>\n\n\n\n<p style=\"margin-bottom:var(--wp--preset--spacing--10)\"><strong><strong>If you have a product in reasonable condition<\/strong><\/strong>: It usually has wear and tear, but still maintains structural strength. It is good for creating furniture, accessories or even new products \u2192 Your discount varies between <strong>25% to 35%<\/strong>.<\/p>\n\n\n\n<p><strong><strong>If you have a product in good condition<\/strong><\/strong>: Can be reused for other skaters or remodeled for new products \u2192 Your discount varies between <strong>40% to 50%<\/strong>.<\/p>\n\n\n\n<p class=\"has-custom-color-1-color has-text-color has-link-color has-designer-font-family has-medium-font-size wp-elements-571687c38cac3716f7aeeda34090a894\" style=\"margin-top:var(--wp--preset--spacing--10)\">This form is only valid for one product. If you have more than one to recycle, please fill out the form for each one of them.<\/p>\n\n\n\n<div style=\"height:39px\" aria-hidden=\"true\" class=\"wp-block-spacer\"><\/div>\n\n\n<div class=\"wp-block-kadence-advanced-form wp-block-kadence-advanced-form4033-cpt-id kb-adv-form-label-style-normal kb-adv-form-input-size-standard kb-form-basic-style kb-form-has-background wp-block-kadence-advanced-form\"><form id=\"kb-adv-form-4033-cpt-id\" class=\"kb-advanced-form\" method=\"post\" data-error-message=\"Por favor corrige os erros para prosseguir\" action=\"\">\n<div class=\"kb-row-layout-wrap kb-row-layout-id2124_f8f026-f9 alignnone wp-block-kadence-rowlayout\"><div class=\"kt-row-column-wrap kt-has-2-columns kt-row-layout-equal kt-tab-layout-inherit kt-mobile-layout-row kt-row-valign-top\">\n\n<div class=\"wp-block-kadence-column kadence-column2124_3bff86-72\"><div class=\"kt-inside-inner-col\"><div class=\"kb-adv-form-field kb-adv-form-text-type-input kb-adv-form-infield-type-input kb-field4033eaa69d-2d wp-block-kadence-advanced-form-text\"><label class=\"kb-adv-form-label\" for=\"field4033eaa69d-2d\">Full name<span class=\"kb-adv-form-required\">*<\/span><\/label><input name=\"fieldeaa69d-2d\" id=\"field4033eaa69d-2d\" data-label=\"Nome completo\" type=\"text\" placeholder=\"\" value=\"\" data-type=\"text\" class=\"kb-field kb-text-field\" data-required=\"yes\" required aria-required=\"true\"\/><\/div><\/div><\/div>\n\n\n\n<div class=\"wp-block-kadence-column kadence-column2124_df6f7a-71\"><div class=\"kt-inside-inner-col\"><div class=\"kb-adv-form-field kb-adv-form-text-type-input kb-adv-form-infield-type-input kb-field403358df2d-8d wp-block-kadence-advanced-form-email\"><label class=\"kb-adv-form-label\" for=\"field403358df2d-8d\">Email<span class=\"kb-adv-form-required\">*<\/span><\/label><input name=\"field58df2d-8d\" id=\"field403358df2d-8d\" data-label=\"Email\" type=\"email\" placeholder=\"\" value=\"\" data-type=\"email\" class=\"kb-field kb-email-field\" data-required=\"yes\" required aria-required=\"true\"\/><\/div><\/div><\/div>\n\n<\/div><\/div>\n\n<div class=\"kb-row-layout-wrap kb-row-layout-id2124_cd72a1-59 alignnone wp-block-kadence-rowlayout\"><div class=\"kt-row-column-wrap kt-has-2-columns kt-row-layout-equal kt-tab-layout-inherit kt-mobile-layout-row kt-row-valign-top\">\n\n<div class=\"wp-block-kadence-column kadence-column2124_a3503d-c5\"><div class=\"kt-inside-inner-col\"><div class=\"kb-adv-form-field kb-field4033b32c26-df wp-block-kadence-advanced-form-radio\"><fieldset class=\"kb-radio-check-item-wrap\" id=\"rb4033b32c26-df\" data-type=\"radio\" data-required=\"yes\" ><legend class=\"kb-adv-form-label\">How do you rate your product?<span class=\"kb-adv-form-required\">*<\/span><\/legend><div class=\"kb-radio-check-item\"><input class=\"kb-radio-style\" type=\"radio\"  id=\"field4033b32c26-df_0\" name=\"fieldb32c26-df\"  value=\"Mau\"><label for=\"field4033b32c26-df_0\">Bad<\/label><\/div><div class=\"kb-radio-check-item\"><input class=\"kb-radio-style\" type=\"radio\"  id=\"field4033b32c26-df_1\" name=\"fieldb32c26-df\"  value=\"Razo\u00e1vel\"><label for=\"field4033b32c26-df_1\">Reasonable<\/label><\/div><div class=\"kb-radio-check-item\"><input class=\"kb-radio-style\" type=\"radio\"  id=\"field4033b32c26-df_2\" name=\"fieldb32c26-df\"  value=\"Bom\"><label for=\"field4033b32c26-df_2\">Good<\/label><\/div><\/fieldset><\/div><\/div><\/div>\n\n\n\n<div class=\"wp-block-kadence-column kadence-column2124_056529-55\"><div class=\"kt-inside-inner-col\"><div class=\"kb-adv-form-field kb-adv-form-text-type-input kb-adv-form-infield-type-input kb-field403308981e-36 wp-block-kadence-advanced-form-text\"><label class=\"kb-adv-form-label\" for=\"field403308981e-36\">Tell us why you want to recycle it<\/label><input name=\"field08981e-36\" id=\"field403308981e-36\" data-label=\"Diz-nos porque o queres reciclar\" type=\"text\" placeholder=\"\" value=\"\" data-type=\"text\" class=\"kb-field kb-text-field\" data-required=\"no\" \/><\/div><\/div><\/div>\n\n<\/div><\/div>\n\n<div class=\"kb-adv-form-field kb-adv-form-text-type-input kb-adv-form-infield-type-input kb-field4033428222-4c wp-block-kadence-advanced-form-textarea\"><label class=\"kb-adv-form-label\" for=\"field4033428222-4c\">Additional information you deem necessary<\/label><textarea name=\"field428222-4c\" id=\"field4033428222-4c\" rows=\"3\"  data-label=\"Informa\u00e7\u00f5es adicionais que aches necess\u00e1rias\" placeholder=\"\" data-type=\"textarea\" class=\"kb-field kb-textarea-field\" data-required=\"no\" ><\/textarea><\/div>\n\n<div class=\"kb-adv-form-field kb-adv-form-file-type-input kb-adv-form-infield-type-input kb-field403328fcba-1d wp-block-kadence-advanced-form-file\"><label class=\"kb-adv-form-label\" for=\"field403328fcba-1d\">Upload here <strong>up to 5 photos<\/strong> that, <strong>mandatorily<\/strong>, match the condition of your product<span class=\"kb-adv-form-required\">*<\/span><\/label><input name=\"field28fcba-1d[]\" id=\"field403328fcba-1d\" data-label=\"Deixa aqui &lt;strong&gt;at\u00e9 5 fotografias&lt;\/strong&gt; que, &lt;strong&gt;obrigatoriamente&lt;\/strong&gt;, comprovam o estado do teu produto\" type=\"file\" placeholder=\"\" value=\"\" data-type=\"file\" class=\"kb-field kb-file-field\" data-required=\"yes\" required aria-required=\"true\" multiple><\/div>\n\n<div class=\"kb-adv-form-field kb-submit-field kb-field3c574c-ec wp-block-kadence-advanced-form-submit\"><button class=\"kb-button kt-button button kb-adv-form-submit-button kb-btn3c574c-ec kt-btn-size-standard kt-btn-width-type-auto kb-btn-global-fill kt-btn-has-text-true kt-btn-has-svg-false\" type=\"submit\"><span class=\"kt-btn-inner-text\">Submit<\/span><\/button><\/div>\n<input type=\"hidden\" name=\"_kb_adv_form_post_id\" value=\"4033\"><input type=\"hidden\" name=\"action\" value=\"kb_process_advanced_form_submit\"><input type=\"hidden\" name=\"_kb_adv_form_id\" value=\"4033-cpt-id\"><input type=\"hidden\" name=\"trp-form-language\" value=\"en\"\/><\/form><\/div>\n\n\n<div class=\"wp-block-kadence-image kb-image2124_285520-28\"><figure class=\"aligncenter size-full\"><a href=\"https:\/\/sk8bright.andreiapeixoto.eu\/wp-content\/uploads\/2025\/03\/Aviso-05-1.png\" class=\"kb-advanced-image-link\"><img loading=\"lazy\" decoding=\"async\" width=\"333\" height=\"309\" src=\"https:\/\/sk8bright.andreiapeixoto.eu\/wp-content\/uploads\/2025\/03\/Aviso-05-1.png\" alt=\"\" class=\"kb-img wp-image-4414\" srcset=\"https:\/\/sk8bright.andreiapeixoto.eu\/wp-content\/uploads\/2025\/03\/Aviso-05-1.png 333w, https:\/\/sk8bright.andreiapeixoto.eu\/wp-content\/uploads\/2025\/03\/Aviso-05-1-300x278.png 300w, https:\/\/sk8bright.andreiapeixoto.eu\/wp-content\/uploads\/2025\/03\/Aviso-05-1-13x12.png 13w\" sizes=\"auto, (max-width: 333px) 100vw, 333px\" \/><\/a><\/figure><\/div>\n\n\n\n<div class=\"wp-block-group is-nowrap is-layout-flex wp-container-core-group-is-layout-6c531013 wp-block-group-is-layout-flex\">\n<p class=\"has-text-align-center has-base-color has-text-color has-link-color has-designer-font-family has-large-font-size wp-elements-d14c93751bba335433f124d3d43aaf38\" style=\"margin-top:var(--wp--preset--spacing--10)\">If your answers are not coherent, unfortunately, we will not be able to validate them.<\/p>\n<\/div>","protected":false},"excerpt":{"rendered":"<p>Reciclar o meu produto De acordo com o objetivo da marca, este formul\u00e1rio ajuda-nos a formar um forte compromisso com a sustentabilidade e a reutiliza\u00e7\u00e3o, promovendo a responsabilidade social atrav\u00e9s da reciclagem. Como funciona? Se queres ganhar um desconto na nossa loja e tens um produto que j\u00e1 n\u00e3o utilizas (v\u00e1lido para sk8 completo, t\u00e1bua, [&hellip;]<\/p>","protected":false},"author":1,"featured_media":0,"parent":0,"menu_order":0,"comment_status":"closed","ping_status":"closed","template":"meu","meta":{"footnotes":""},"class_list":["post-2124","page","type-page","status-publish","hentry"],"_links":{"self":[{"href":"https:\/\/sk8bright.andreiapeixoto.eu\/en\/wp-json\/wp\/v2\/pages\/2124","targetHints":{"allow":["GET"]}}],"collection":[{"href":"https:\/\/sk8bright.andreiapeixoto.eu\/en\/wp-json\/wp\/v2\/pages"}],"about":[{"href":"https:\/\/sk8bright.andreiapeixoto.eu\/en\/wp-json\/wp\/v2\/types\/page"}],"author":[{"embeddable":true,"href":"https:\/\/sk8bright.andreiapeixoto.eu\/en\/wp-json\/wp\/v2\/users\/1"}],"replies":[{"embeddable":true,"href":"https:\/\/sk8bright.andreiapeixoto.eu\/en\/wp-json\/wp\/v2\/comments?post=2124"}],"version-history":[{"count":48,"href":"https:\/\/sk8bright.andreiapeixoto.eu\/en\/wp-json\/wp\/v2\/pages\/2124\/revisions"}],"predecessor-version":[{"id":6314,"href":"https:\/\/sk8bright.andreiapeixoto.eu\/en\/wp-json\/wp\/v2\/pages\/2124\/revisions\/6314"}],"wp:attachment":[{"href":"https:\/\/sk8bright.andreiapeixoto.eu\/en\/wp-json\/wp\/v2\/media?parent=2124"}],"curies":[{"name":"wp","href":"https:\/\/api.w.org\/{rel}","templated":true}]}}